{"id":991,"date":"2021-07-14T11:54:36","date_gmt":"2021-07-14T11:54:36","guid":{"rendered":"https:\/\/etruscan.qodeinteractive.com\/?post_type=product&#038;p=991"},"modified":"2025-09-25T10:20:03","modified_gmt":"2025-09-25T10:20:03","slug":"mogador-huile-dargan","status":"publish","type":"product","link":"https:\/\/artisan-all.com\/en\/product\/mogador-huile-dargan\/","title":{"rendered":"MOGADOR (argan oil)"},"content":{"rendered":"<p>Extraite \u00e0 froid des noix de l\u2019arganier du Maroc, notre huile d\u2019argan 100 % pure et naturelle<br \/>\nest un tr\u00e9sor de la cosm\u00e9tique traditionnelle, reconnue pour ses vertus nourrissantes,<br \/>\nr\u00e9paratrices et antioxydantes.<br \/>\nRiche en vitamine E, acides gras essentiels et antioxydants naturels, cette huile pr\u00e9cieuse<br \/>\nhydrate en profondeur, r\u00e9g\u00e9n\u00e8re la peau, fortifie les cheveux et renforce les ongles. Sa<br \/>\ntexture l\u00e9g\u00e8re p\u00e9n\u00e8tre rapidement sans laisser de film gras, laissant la peau douce, souple et<br \/>\n\u00e9clatante.<br \/>\nAdapt\u00e9e \u00e0 tous les types de peaux, m\u00eame les plus sensibles, l\u2019huile d\u2019argan s\u2019utilise au<br \/>\nquotidien comme soin du visage, du corps, des cheveux ou des ongles.<br \/>\nBienfaits :<br \/>\n\uf0b7 Hydrate et nourrit intens\u00e9ment la peau<br \/>\n\uf0b7 Pr\u00e9vient le vieillissement cutan\u00e9<br \/>\n\uf0b7 R\u00e9pare les pointes s\u00e8ches et les cheveux ab\u00eem\u00e9s<br \/>\n\uf0b7 Renforce les ongles cassants<br \/>\n\uf0b7 Calme les irritations et rougeurs<br \/>\nIngr\u00e9dients : 100 % huile d\u2019argan vierge, press\u00e9e \u00e0 froid \u2013 sans additifs, sans conservateurs,<br \/>\nnon test\u00e9e sur les animaux.<br \/>\nContenance: 30 ml<\/p>","protected":false},"excerpt":{"rendered":"<p>Pure, unrefined argan oil, 100% natural and handcrafted. Ideal for nourishing the skin, hair, and nails.<\/p>","protected":false},"featured_media":10273,"template":"","meta":{"om_disable_all_campaigns":false,"_monsterinsights_skip_tracking":false,"_monsterinsights_sitenote_active":false,"_monsterinsights_sitenote_note":"","_monsterinsights_sitenote_category":0},"product_brand":[],"product_cat":[66],"product_tag":[38],"class_list":{"0":"post-991","1":"product","2":"type-product","3":"status-publish","4":"has-post-thumbnail","6":"product_cat-cosmetiques","7":"product_tag-collection","9":"first","10":"instock","11":"taxable","12":"shipping-taxable","13":"purchasable","14":"product-type-simple"},"aioseo_notices":[],"_links":{"self":[{"href":"https:\/\/artisan-all.com\/en\/wp-json\/wp\/v2\/product\/991","targetHints":{"allow":["GET"]}}],"collection":[{"href":"https:\/\/artisan-all.com\/en\/wp-json\/wp\/v2\/product"}],"about":[{"href":"https:\/\/artisan-all.com\/en\/wp-json\/wp\/v2\/types\/product"}],"wp:featuredmedia":[{"embeddable":true,"href":"https:\/\/artisan-all.com\/en\/wp-json\/wp\/v2\/media\/10273"}],"wp:attachment":[{"href":"https:\/\/artisan-all.com\/en\/wp-json\/wp\/v2\/media?parent=991"}],"wp:term":[{"taxonomy":"product_brand","embeddable":true,"href":"https:\/\/artisan-all.com\/en\/wp-json\/wp\/v2\/product_brand?post=991"},{"taxonomy":"product_cat","embeddable":true,"href":"https:\/\/artisan-all.com\/en\/wp-json\/wp\/v2\/product_cat?post=991"},{"taxonomy":"product_tag","embeddable":true,"href":"https:\/\/artisan-all.com\/en\/wp-json\/wp\/v2\/product_tag?post=991"}],"curies":[{"name":"wp","href":"https:\/\/api.w.org\/{rel}","templated":true}]}}