{"id":987,"date":"2021-07-14T11:48:31","date_gmt":"2021-07-14T11:48:31","guid":{"rendered":"https:\/\/etruscan.qodeinteractive.com\/?post_type=product&#038;p=987"},"modified":"2025-09-25T10:51:14","modified_gmt":"2025-09-25T10:51:14","slug":"asni","status":"publish","type":"product","link":"https:\/\/artisan-all.com\/en\/product\/asni\/","title":{"rendered":"ASNI"},"content":{"rendered":"<p>Un savon doux et nourrissant, enrichi en miel naturel aux vertus r\u00e9paratrices. Il laisse la<br \/>\npeau souple, hydrat\u00e9e et d\u00e9licatement parfum\u00e9e.<br \/>\nAvec sa mousse fine et onctueuse, Id\u00e9al pour un usage quotidien.<br \/>\nIngr\u00e9dients de base : glyc\u00e9rine v\u00e9g\u00e9tale\u2013 huile d\u2019argan\u2014miel.<br \/>\nContenance : 80 g<\/p>","protected":false},"excerpt":{"rendered":"<p class=\"\" data-start=\"361\" data-end=\"444\">An artisanal honey soap that nourishes the skin and envelops it in sweet softness.<\/p>","protected":false},"featured_media":10285,"template":"","meta":{"om_disable_all_campaigns":false,"_monsterinsights_skip_tracking":false,"_monsterinsights_sitenote_active":false,"_monsterinsights_sitenote_note":"","_monsterinsights_sitenote_category":0},"product_brand":[],"product_cat":[66],"product_tag":[38],"class_list":{"0":"post-987","1":"product","2":"type-product","3":"status-publish","4":"has-post-thumbnail","6":"product_cat-cosmetiques","7":"product_tag-collection","9":"first","10":"instock","11":"taxable","12":"shipping-taxable","13":"purchasable","14":"product-type-simple"},"aioseo_notices":[],"_links":{"self":[{"href":"https:\/\/artisan-all.com\/en\/wp-json\/wp\/v2\/product\/987","targetHints":{"allow":["GET"]}}],"collection":[{"href":"https:\/\/artisan-all.com\/en\/wp-json\/wp\/v2\/product"}],"about":[{"href":"https:\/\/artisan-all.com\/en\/wp-json\/wp\/v2\/types\/product"}],"wp:featuredmedia":[{"embeddable":true,"href":"https:\/\/artisan-all.com\/en\/wp-json\/wp\/v2\/media\/10285"}],"wp:attachment":[{"href":"https:\/\/artisan-all.com\/en\/wp-json\/wp\/v2\/media?parent=987"}],"wp:term":[{"taxonomy":"product_brand","embeddable":true,"href":"https:\/\/artisan-all.com\/en\/wp-json\/wp\/v2\/product_brand?post=987"},{"taxonomy":"product_cat","embeddable":true,"href":"https:\/\/artisan-all.com\/en\/wp-json\/wp\/v2\/product_cat?post=987"},{"taxonomy":"product_tag","embeddable":true,"href":"https:\/\/artisan-all.com\/en\/wp-json\/wp\/v2\/product_tag?post=987"}],"curies":[{"name":"wp","href":"https:\/\/api.w.org\/{rel}","templated":true}]}}