{"id":970,"date":"2021-07-14T11:40:14","date_gmt":"2021-07-14T11:40:14","guid":{"rendered":"https:\/\/etruscan.qodeinteractive.com\/?post_type=product&#038;p=970"},"modified":"2025-09-25T10:54:56","modified_gmt":"2025-09-25T10:54:56","slug":"atlas-savon","status":"publish","type":"product","link":"https:\/\/artisan-all.com\/en\/product\/atlas-savon\/","title":{"rendered":"ATLAS (soap)"},"content":{"rendered":"<p>Un soin doux \u00e0 base de figue de barbarie, r\u00e9put\u00e9e pour ses propri\u00e9t\u00e9s antioxydantes et anti\u00e2ge. Il prot\u00e8ge, hydrate et laisse la peau lumineuse et velout\u00e9e.<br \/>\nAvec sa mousse fine et onctueuse, Id\u00e9al pour un usage quotidien.<br \/>\nIngr\u00e9dients de base : glyc\u00e9rine v\u00e9g\u00e9tale\u2013 figue de barbarie\u2014sans parfum<br \/>\nContenance : 80 g<\/p>","protected":false},"excerpt":{"rendered":"<p>Soap rich in prickly pear. Gently cleanses, hydrates, and revitalizes the skin.<\/p>","protected":false},"featured_media":10287,"template":"","meta":{"om_disable_all_campaigns":false,"_monsterinsights_skip_tracking":false,"_monsterinsights_sitenote_active":false,"_monsterinsights_sitenote_note":"","_monsterinsights_sitenote_category":0},"product_brand":[],"product_cat":[66],"product_tag":[38],"class_list":{"0":"post-970","1":"product","2":"type-product","3":"status-publish","4":"has-post-thumbnail","6":"product_cat-cosmetiques","7":"product_tag-collection","9":"first","10":"instock","11":"taxable","12":"shipping-taxable","13":"purchasable","14":"product-type-simple"},"aioseo_notices":[],"_links":{"self":[{"href":"https:\/\/artisan-all.com\/en\/wp-json\/wp\/v2\/product\/970","targetHints":{"allow":["GET"]}}],"collection":[{"href":"https:\/\/artisan-all.com\/en\/wp-json\/wp\/v2\/product"}],"about":[{"href":"https:\/\/artisan-all.com\/en\/wp-json\/wp\/v2\/types\/product"}],"wp:featuredmedia":[{"embeddable":true,"href":"https:\/\/artisan-all.com\/en\/wp-json\/wp\/v2\/media\/10287"}],"wp:attachment":[{"href":"https:\/\/artisan-all.com\/en\/wp-json\/wp\/v2\/media?parent=970"}],"wp:term":[{"taxonomy":"product_brand","embeddable":true,"href":"https:\/\/artisan-all.com\/en\/wp-json\/wp\/v2\/product_brand?post=970"},{"taxonomy":"product_cat","embeddable":true,"href":"https:\/\/artisan-all.com\/en\/wp-json\/wp\/v2\/product_cat?post=970"},{"taxonomy":"product_tag","embeddable":true,"href":"https:\/\/artisan-all.com\/en\/wp-json\/wp\/v2\/product_tag?post=970"}],"curies":[{"name":"wp","href":"https:\/\/api.w.org\/{rel}","templated":true}]}}