{"id":8769,"date":"2025-05-16T12:46:35","date_gmt":"2025-05-16T12:46:35","guid":{"rendered":"https:\/\/artisan-all.com\/?post_type=product&#038;p=8769"},"modified":"2025-09-25T16:54:02","modified_gmt":"2025-09-25T16:54:02","slug":"ondes-de-wenge","status":"publish","type":"product","link":"https:\/\/artisan-all.com\/en\/product\/ondes-de-wenge\/","title":{"rendered":"Ondes de Weng\u00e9"},"content":{"rendered":"<p>Un jeu \u00e9l\u00e9gant de plateaux sculpt\u00e9s dans un bois de weng\u00e9 d\u2019exception, aux tons bruns profonds et<br \/>\nveinures subtiles. Chaque plateau s\u2019ins\u00e8re parfaitement dans le suivant, formant un ensemble<br \/>\nharmonieux et fonctionnel. Con\u00e7us pour le service, la pr\u00e9sentation ou simplement pour sublimer un<br \/>\nespace, ces plateaux sont autant utilitaires qu\u2019artistiques.<br \/>\nL\u2019alliance du design g\u00e9om\u00e9trique et du bois rare en fait un objet de d\u00e9coration contemporaine au<br \/>\nparfum artisanal.<\/p>","protected":false},"excerpt":{"rendered":"<p>Un jeu \u00e9l\u00e9gant de plateaux sculpt\u00e9s dans un bois de weng\u00e9 d\u2019exception, aux tons bruns profonds et veinures subtiles. Chaque plateau s\u2019ins\u00e8re parfaitement dans le suivant, formant un ensemble harmonieux et fonctionnel. Con\u00e7us pour le service, la pr\u00e9sentation ou simplement pour sublimer un espace, ces plateaux sont autant utilitaires qu\u2019artistiques. L\u2019alliance du design g\u00e9om\u00e9trique et [&hellip;]<\/p>","protected":false},"featured_media":9848,"template":"","meta":{"om_disable_all_campaigns":false,"_monsterinsights_skip_tracking":false,"_monsterinsights_sitenote_active":false,"_monsterinsights_sitenote_note":"","_monsterinsights_sitenote_category":0},"product_brand":[],"product_cat":[64],"product_tag":[],"class_list":{"0":"post-8769","1":"product","2":"type-product","3":"status-publish","4":"has-post-thumbnail","6":"product_cat-decos","8":"first","9":"instock","10":"taxable","11":"shipping-taxable","12":"product-type-variable"},"aioseo_notices":[],"_links":{"self":[{"href":"https:\/\/artisan-all.com\/en\/wp-json\/wp\/v2\/product\/8769","targetHints":{"allow":["GET"]}}],"collection":[{"href":"https:\/\/artisan-all.com\/en\/wp-json\/wp\/v2\/product"}],"about":[{"href":"https:\/\/artisan-all.com\/en\/wp-json\/wp\/v2\/types\/product"}],"wp:featuredmedia":[{"embeddable":true,"href":"https:\/\/artisan-all.com\/en\/wp-json\/wp\/v2\/media\/9848"}],"wp:attachment":[{"href":"https:\/\/artisan-all.com\/en\/wp-json\/wp\/v2\/media?parent=8769"}],"wp:term":[{"taxonomy":"product_brand","embeddable":true,"href":"https:\/\/artisan-all.com\/en\/wp-json\/wp\/v2\/product_brand?post=8769"},{"taxonomy":"product_cat","embeddable":true,"href":"https:\/\/artisan-all.com\/en\/wp-json\/wp\/v2\/product_cat?post=8769"},{"taxonomy":"product_tag","embeddable":true,"href":"https:\/\/artisan-all.com\/en\/wp-json\/wp\/v2\/product_tag?post=8769"}],"curies":[{"name":"wp","href":"https:\/\/api.w.org\/{rel}","templated":true}]}}