{"id":8656,"date":"2025-04-23T15:38:34","date_gmt":"2025-04-23T15:38:34","guid":{"rendered":"https:\/\/artisan-all.com\/?post_type=product&#038;p=8656"},"modified":"2025-06-19T12:00:36","modified_gmt":"2025-06-19T12:00:36","slug":"cendrier-et-oeuf-en-malachite","status":"publish","type":"product","link":"https:\/\/artisan-all.com\/en\/product\/cendrier-et-oeuf-en-malachite\/","title":{"rendered":"Cendrier et \u0153uf en Malachite"},"content":{"rendered":"<p class=\"\" data-start=\"1250\" data-end=\"1713\">Le cendrier et l&rsquo;\u0153uf en malachite sont des pi\u00e8ces parfaites pour les amateurs de d\u00e9coration spirituelle, de lithoth\u00e9rapie ou de min\u00e9raux d\u2019exception. Ils\u00a0 s\u2019int\u00e8grent harmonieusement dans un espace zen, une biblioth\u00e8que ou une collection d\u2019objets rares.<\/p>\n<p class=\"\" data-start=\"1715\" data-end=\"1907\">\u2714\ufe0f Sculpture en malachite naturelle<br data-start=\"1810\" data-end=\"1813\" \/>\u2714\ufe0f Id\u00e9al pour d\u00e9coration spirituelle, zen ou boh\u00e8me<br data-start=\"1864\" data-end=\"1867\" \/>\u2714\ufe0f Pi\u00e8ce unique aux motifs hypnotiques<\/p>","protected":false},"excerpt":{"rendered":"<p class=\"\" data-start=\"207\" data-end=\"360\">\u0152uf et cendriers d\u00e9coratifs en malachite naturelle, symboles de renouveau et d\u2019harmonie. Parfaits pour une touche spirituelle et esth\u00e9tique dans votre int\u00e9rieur.<\/p>\n<h3 class=\"\" data-start=\"362\" data-end=\"430\"><\/h3>","protected":false},"featured_media":9791,"template":"","meta":{"om_disable_all_campaigns":false,"_monsterinsights_skip_tracking":false,"_monsterinsights_sitenote_active":false,"_monsterinsights_sitenote_note":"","_monsterinsights_sitenote_category":0},"product_brand":[],"product_cat":[64,78],"product_tag":[],"class_list":{"0":"post-8656","1":"product","2":"type-product","3":"status-publish","4":"has-post-thumbnail","6":"product_cat-decos","7":"product_cat-objets-en-malachite","9":"first","10":"instock","11":"sold-individually","12":"taxable","13":"shipping-taxable","14":"purchasable","15":"product-type-variable"},"aioseo_notices":[],"_links":{"self":[{"href":"https:\/\/artisan-all.com\/en\/wp-json\/wp\/v2\/product\/8656","targetHints":{"allow":["GET"]}}],"collection":[{"href":"https:\/\/artisan-all.com\/en\/wp-json\/wp\/v2\/product"}],"about":[{"href":"https:\/\/artisan-all.com\/en\/wp-json\/wp\/v2\/types\/product"}],"wp:featuredmedia":[{"embeddable":true,"href":"https:\/\/artisan-all.com\/en\/wp-json\/wp\/v2\/media\/9791"}],"wp:attachment":[{"href":"https:\/\/artisan-all.com\/en\/wp-json\/wp\/v2\/media?parent=8656"}],"wp:term":[{"taxonomy":"product_brand","embeddable":true,"href":"https:\/\/artisan-all.com\/en\/wp-json\/wp\/v2\/product_brand?post=8656"},{"taxonomy":"product_cat","embeddable":true,"href":"https:\/\/artisan-all.com\/en\/wp-json\/wp\/v2\/product_cat?post=8656"},{"taxonomy":"product_tag","embeddable":true,"href":"https:\/\/artisan-all.com\/en\/wp-json\/wp\/v2\/product_tag?post=8656"}],"curies":[{"name":"wp","href":"https:\/\/api.w.org\/{rel}","templated":true}]}}