{"id":8653,"date":"2025-04-23T15:27:26","date_gmt":"2025-04-23T15:27:26","guid":{"rendered":"https:\/\/artisan-all.com\/?post_type=product&#038;p=8653"},"modified":"2025-09-25T17:44:54","modified_gmt":"2025-09-25T17:44:54","slug":"beara","status":"publish","type":"product","link":"https:\/\/artisan-all.com\/en\/product\/beara\/","title":{"rendered":"BEARA"},"content":{"rendered":"<p>Ce petit ours en malachite captive par sa forme d\u00e9licate et ses nuances vertes profondes,<br \/>\ncaract\u00e9ristiques de cette pierre semi-pr\u00e9cieuse. Symbole de force tranquille, cet ours sculpt\u00e9 \u00e0 la<br \/>\nmain allie \u00e9l\u00e9gance min\u00e9rale et savoir-faire artisanal.<br \/>\nChaque pi\u00e8ce est unique, r\u00e9v\u00e9lant les veines et spirales naturelles de la malachite, ce qui en fait \u00e0 la<br \/>\nfois un objet d\u00e9coratif raffin\u00e9 et un porte-bonheur aux vertus apaisantes selon la lithoth\u00e9rapie.<\/p>","protected":false},"excerpt":{"rendered":"<p class=\"\" data-start=\"207\" data-end=\"360\">Animal d\u00e9coratif sculpt\u00e9 en malachite naturelle. Une pi\u00e8ce artisanale unique qui allie \u00e9l\u00e9gance min\u00e9rale et symbolisme.<\/p>\n<h3 class=\"\" data-start=\"362\" data-end=\"430\"><\/h3>","protected":false},"featured_media":9780,"template":"","meta":{"om_disable_all_campaigns":false,"_monsterinsights_skip_tracking":false,"_monsterinsights_sitenote_active":false,"_monsterinsights_sitenote_note":"","_monsterinsights_sitenote_category":0},"product_brand":[],"product_cat":[64,78],"product_tag":[],"class_list":{"0":"post-8653","1":"product","2":"type-product","3":"status-publish","4":"has-post-thumbnail","6":"product_cat-decos","7":"product_cat-objets-en-malachite","9":"first","10":"instock","11":"sold-individually","12":"taxable","13":"shipping-taxable","14":"purchasable","15":"product-type-simple"},"aioseo_notices":[],"_links":{"self":[{"href":"https:\/\/artisan-all.com\/en\/wp-json\/wp\/v2\/product\/8653","targetHints":{"allow":["GET"]}}],"collection":[{"href":"https:\/\/artisan-all.com\/en\/wp-json\/wp\/v2\/product"}],"about":[{"href":"https:\/\/artisan-all.com\/en\/wp-json\/wp\/v2\/types\/product"}],"wp:featuredmedia":[{"embeddable":true,"href":"https:\/\/artisan-all.com\/en\/wp-json\/wp\/v2\/media\/9780"}],"wp:attachment":[{"href":"https:\/\/artisan-all.com\/en\/wp-json\/wp\/v2\/media?parent=8653"}],"wp:term":[{"taxonomy":"product_brand","embeddable":true,"href":"https:\/\/artisan-all.com\/en\/wp-json\/wp\/v2\/product_brand?post=8653"},{"taxonomy":"product_cat","embeddable":true,"href":"https:\/\/artisan-all.com\/en\/wp-json\/wp\/v2\/product_cat?post=8653"},{"taxonomy":"product_tag","embeddable":true,"href":"https:\/\/artisan-all.com\/en\/wp-json\/wp\/v2\/product_tag?post=8653"}],"curies":[{"name":"wp","href":"https:\/\/api.w.org\/{rel}","templated":true}]}}