{"id":8649,"date":"2025-04-23T15:22:07","date_gmt":"2025-04-23T15:22:07","guid":{"rendered":"https:\/\/artisan-all.com\/?post_type=product&#038;p=8649"},"modified":"2025-09-25T17:40:13","modified_gmt":"2025-09-25T17:40:13","slug":"assiette-ronde-en-malachite","status":"publish","type":"product","link":"https:\/\/artisan-all.com\/en\/product\/assiette-ronde-en-malachite\/","title":{"rendered":"VERMA L"},"content":{"rendered":"<p>Transformez votre int\u00e9rieur avec cette assiette de d\u00e9coration en malachite, une pi\u00e8ce artisanale<br \/>\nd\u2019exception qui allie esth\u00e9tique naturelle et savoir-faire raffin\u00e9. Sculpt\u00e9e dans une malachite<br \/>\nauthentique, elle d\u00e9voile des tourbillons de vert profond, tant\u00f4t sombres, tant\u00f4t lumineux, cr\u00e9ant un<br \/>\njeu visuel hypnotique et apaisant.<br \/>\nUtilis\u00e9e comme pi\u00e8ce centrale sur une console, une table basse ou dans une vitrine, cette assiette ne<br \/>\npasse jamais inaper\u00e7ue. Elle incarne le luxe discret, et t\u00e9moigne d\u2019un go\u00fbt certain pour les mati\u00e8res<br \/>\nnobles et les objets singuliers.<br \/>\n\u2022 Pierre : Malachite naturelle, s\u00e9lectionn\u00e9e pour ses motifs riches et intenses<br \/>\n\u2022 Dimensions : VERMA S : 9cm\/ VERMA L : 14cm<br \/>\nChaque assiette est fa\u00e7onn\u00e9e par la nature et mise en valeur par l\u2019artisan. Un objet \u00e0 la fois \u00e9l\u00e9gant,<br \/>\nintemporel et charg\u00e9 de symbolisme.<\/p>","protected":false},"excerpt":{"rendered":"<p class=\"\" data-start=\"207\" data-end=\"360\">\u00c9l\u00e9gante assiette en malachite, parfaite pour apporter une touche de raffinement min\u00e9ral \u00e0 votre int\u00e9rieur.<\/p>\n<h3 class=\"\" data-start=\"362\" data-end=\"430\"><\/h3>","protected":false},"featured_media":9787,"template":"","meta":{"om_disable_all_campaigns":false,"_monsterinsights_skip_tracking":false,"_monsterinsights_sitenote_active":false,"_monsterinsights_sitenote_note":"","_monsterinsights_sitenote_category":0},"product_brand":[],"product_cat":[64,78],"product_tag":[],"class_list":{"0":"post-8649","1":"product","2":"type-product","3":"status-publish","4":"has-post-thumbnail","6":"product_cat-decos","7":"product_cat-objets-en-malachite","9":"first","10":"instock","11":"sold-individually","12":"taxable","13":"shipping-taxable","14":"purchasable","15":"product-type-variable"},"aioseo_notices":[],"_links":{"self":[{"href":"https:\/\/artisan-all.com\/en\/wp-json\/wp\/v2\/product\/8649","targetHints":{"allow":["GET"]}}],"collection":[{"href":"https:\/\/artisan-all.com\/en\/wp-json\/wp\/v2\/product"}],"about":[{"href":"https:\/\/artisan-all.com\/en\/wp-json\/wp\/v2\/types\/product"}],"wp:featuredmedia":[{"embeddable":true,"href":"https:\/\/artisan-all.com\/en\/wp-json\/wp\/v2\/media\/9787"}],"wp:attachment":[{"href":"https:\/\/artisan-all.com\/en\/wp-json\/wp\/v2\/media?parent=8649"}],"wp:term":[{"taxonomy":"product_brand","embeddable":true,"href":"https:\/\/artisan-all.com\/en\/wp-json\/wp\/v2\/product_brand?post=8649"},{"taxonomy":"product_cat","embeddable":true,"href":"https:\/\/artisan-all.com\/en\/wp-json\/wp\/v2\/product_cat?post=8649"},{"taxonomy":"product_tag","embeddable":true,"href":"https:\/\/artisan-all.com\/en\/wp-json\/wp\/v2\/product_tag?post=8649"}],"curies":[{"name":"wp","href":"https:\/\/api.w.org\/{rel}","templated":true}]}}