{"id":8611,"date":"2025-04-23T10:26:29","date_gmt":"2025-04-23T10:26:29","guid":{"rendered":"https:\/\/artisan-all.com\/?post_type=product&#038;p=8611"},"modified":"2025-09-25T16:49:20","modified_gmt":"2025-09-25T16:49:20","slug":"zola","status":"publish","type":"product","link":"https:\/\/artisan-all.com\/en\/product\/zola\/","title":{"rendered":"ZOLA"},"content":{"rendered":"<p>\u00c9l\u00e9gante et expressive, la sculpture Zola rend hommage \u00e0 la beaut\u00e9 f\u00e9minine africaine \u00e0<br \/>\ntravers un travail minutieux du bois de weng\u00e9, reconnu pour sa densit\u00e9 et ses reflets<br \/>\nprofonds. Ce buste raffin\u00e9 repr\u00e9sente une femme de profil, coiff\u00e9e de longues tresses<br \/>\nfinement sculpt\u00e9es, incarnant \u00e0 la fois force, fiert\u00e9 et douceur.<br \/>\nChaque d\u00e9tail \u2014 des traits du visage \u00e0 la coiffure \u2014 r\u00e9v\u00e8le la ma\u00eetrise artisanale de la<br \/>\nsculpture traditionnelle Congolaise. Une pi\u00e8ce majestueuse, id\u00e9ale pour enrichir une<br \/>\ncollection d\u2019art ou sublimer un int\u00e9rieur avec authenticit\u00e9.<br \/>\nOrigine : R\u00e9publique D\u00e9mocratique du Congo<br \/>\nMati\u00e8re : Bois rouge exotique \u00e0 la main<br \/>\nDimensions : 34 cm \/ 1kg 960g<br \/>\nPi\u00e8ce unique \u2013 Fabrication artisanale<\/p>","protected":false},"excerpt":{"rendered":"<p data-start=\"1209\" data-end=\"1288\">Statue moderne en bois de weng\u00e9, silhouette \u00e9pur\u00e9e et puissante.<\/p>\n<p data-start=\"1290\" data-end=\"1623\">","protected":false},"featured_media":9841,"template":"","meta":{"om_disable_all_campaigns":false,"_monsterinsights_skip_tracking":false,"_monsterinsights_sitenote_active":false,"_monsterinsights_sitenote_note":"","_monsterinsights_sitenote_category":0},"product_brand":[],"product_cat":[64,76],"product_tag":[41,46],"class_list":{"0":"post-8611","1":"product","2":"type-product","3":"status-publish","4":"has-post-thumbnail","6":"product_cat-decos","7":"product_cat-statues-en-bois","8":"product_tag-esthetic","9":"product_tag-new","11":"first","12":"instock","13":"sold-individually","14":"taxable","15":"shipping-taxable","16":"purchasable","17":"product-type-simple"},"aioseo_notices":[],"_links":{"self":[{"href":"https:\/\/artisan-all.com\/en\/wp-json\/wp\/v2\/product\/8611","targetHints":{"allow":["GET"]}}],"collection":[{"href":"https:\/\/artisan-all.com\/en\/wp-json\/wp\/v2\/product"}],"about":[{"href":"https:\/\/artisan-all.com\/en\/wp-json\/wp\/v2\/types\/product"}],"wp:featuredmedia":[{"embeddable":true,"href":"https:\/\/artisan-all.com\/en\/wp-json\/wp\/v2\/media\/9841"}],"wp:attachment":[{"href":"https:\/\/artisan-all.com\/en\/wp-json\/wp\/v2\/media?parent=8611"}],"wp:term":[{"taxonomy":"product_brand","embeddable":true,"href":"https:\/\/artisan-all.com\/en\/wp-json\/wp\/v2\/product_brand?post=8611"},{"taxonomy":"product_cat","embeddable":true,"href":"https:\/\/artisan-all.com\/en\/wp-json\/wp\/v2\/product_cat?post=8611"},{"taxonomy":"product_tag","embeddable":true,"href":"https:\/\/artisan-all.com\/en\/wp-json\/wp\/v2\/product_tag?post=8611"}],"curies":[{"name":"wp","href":"https:\/\/api.w.org\/{rel}","templated":true}]}}