{"id":8609,"date":"2025-04-23T10:00:47","date_gmt":"2025-04-23T10:00:47","guid":{"rendered":"https:\/\/artisan-all.com\/?post_type=product&#038;p=8609"},"modified":"2025-09-25T16:39:13","modified_gmt":"2025-09-25T16:39:13","slug":"amara","status":"publish","type":"product","link":"https:\/\/artisan-all.com\/en\/product\/amara\/","title":{"rendered":"AMARA"},"content":{"rendered":"<p>\u00c9voquant la gr\u00e2ce et la magie des cr\u00e9atures mythiques, cette sculpture artisanale repr\u00e9sente<br \/>\nun rhinoc\u00e9ros majestueux, enti\u00e8rement fa\u00e7onn\u00e9e \u00e0 la main dans du bois de weng\u00e9, un<br \/>\nmat\u00e9riau rare et pr\u00e9cieux d\u2019Afrique centrale.<br \/>\nLe bois de weng\u00e9, reconnu pour sa couleur brun fonc\u00e9 aux reflets noirs et sa texture vein\u00e9e<br \/>\nunique, conf\u00e8re \u00e0 cette \u0153uvre un caract\u00e8re \u00e0 la fois noble et myst\u00e9rieux. Chaque d\u00e9tail, de<br \/>\nla courbe \u00e9l\u00e9gante de la crini\u00e8re \u00e0 la finesse de la corne, t\u00e9moigne d\u2019un savoir-faire artisanal<br \/>\nminutieux.<br \/>\nPi\u00e8ce unique, elle incarne l\u2019\u00e9quilibre entre puissance et raffinement, et trouvera sa place<br \/>\naussi bien dans une collection d\u2019art que dans un int\u00e9rieur raffin\u00e9.<\/p>","protected":false},"excerpt":{"rendered":"<p class=\"\" data-start=\"348\" data-end=\"482\">Sculpture artisanale en bois de Weng\u00e9 repr\u00e9sentant une licorne. Parfaite pour apporter une touche f\u00e9erique et noble \u00e0 votre int\u00e9rieur.<\/p>","protected":false},"featured_media":11260,"template":"","meta":{"om_disable_all_campaigns":false,"_monsterinsights_skip_tracking":false,"_monsterinsights_sitenote_active":false,"_monsterinsights_sitenote_note":"","_monsterinsights_sitenote_category":0},"product_brand":[],"product_cat":[64,76],"product_tag":[41,46],"class_list":{"0":"post-8609","1":"product","2":"type-product","3":"status-publish","4":"has-post-thumbnail","6":"product_cat-decos","7":"product_cat-statues-en-bois","8":"product_tag-esthetic","9":"product_tag-new","11":"first","12":"instock","13":"sold-individually","14":"taxable","15":"shipping-taxable","16":"purchasable","17":"product-type-simple"},"aioseo_notices":[],"_links":{"self":[{"href":"https:\/\/artisan-all.com\/en\/wp-json\/wp\/v2\/product\/8609","targetHints":{"allow":["GET"]}}],"collection":[{"href":"https:\/\/artisan-all.com\/en\/wp-json\/wp\/v2\/product"}],"about":[{"href":"https:\/\/artisan-all.com\/en\/wp-json\/wp\/v2\/types\/product"}],"wp:featuredmedia":[{"embeddable":true,"href":"https:\/\/artisan-all.com\/en\/wp-json\/wp\/v2\/media\/11260"}],"wp:attachment":[{"href":"https:\/\/artisan-all.com\/en\/wp-json\/wp\/v2\/media?parent=8609"}],"wp:term":[{"taxonomy":"product_brand","embeddable":true,"href":"https:\/\/artisan-all.com\/en\/wp-json\/wp\/v2\/product_brand?post=8609"},{"taxonomy":"product_cat","embeddable":true,"href":"https:\/\/artisan-all.com\/en\/wp-json\/wp\/v2\/product_cat?post=8609"},{"taxonomy":"product_tag","embeddable":true,"href":"https:\/\/artisan-all.com\/en\/wp-json\/wp\/v2\/product_tag?post=8609"}],"curies":[{"name":"wp","href":"https:\/\/api.w.org\/{rel}","templated":true}]}}