{"id":8606,"date":"2025-04-23T09:58:37","date_gmt":"2025-04-23T09:58:37","guid":{"rendered":"https:\/\/artisan-all.com\/?post_type=product&#038;p=8606"},"modified":"2025-09-25T16:36:51","modified_gmt":"2025-09-25T16:36:51","slug":"onyra","status":"publish","type":"product","link":"https:\/\/artisan-all.com\/en\/product\/onyra\/","title":{"rendered":"LUNORA"},"content":{"rendered":"<p>Le bois d\u2019\u00e9b\u00e8ne, r\u00e9put\u00e9 pour sa couleur profonde et son toucher soyeux, conf\u00e8re \u00e0 cette sculpture<br \/>\nUne pr\u00e9sence unique, \u00e0 la fois puissante et myst\u00e9rieuse. Pi\u00e8ce d\u00e9corative ou objet de collection, ce<br \/>\nrhinoc\u00e9ros en bois noble ajoutera une touche d\u2019enchantement et de raffinement \u00e0 tout int\u00e9rieur.<br \/>\nD\u00e9couvrez ONYRA, un magnifique rhinoc\u00e9ros sculpt\u00e9 \u00e0 la main dans du bois d\u2019\u00e9b\u00e8ne noble, alliant<br \/>\n\u00e9l\u00e9gance naturelle et symbolisme magique. Chaque pi\u00e8ce est unique, gr\u00e2ce au grain profond et aux<br \/>\nnuances riches du bois d\u2019\u00e9b\u00e8ne, qui conf\u00e8rent \u00e0 cette cr\u00e9ature mythique une aura myst\u00e9rieuse et<br \/>\nintemporelle.<br \/>\nDisponible en deux tailles pour s\u2019adapter parfaitement \u00e0 votre espace :<\/p>\n<p>\u2022 Taille Moyenne : Id\u00e9ale pour apporter une touche d\u2019originalit\u00e9 et de raffinement sur<br \/>\nune \u00e9tag\u00e8re, un bureau ou une console. Cette taille compacte offre un \u00e9quilibre parfait entre d\u00e9tail<br \/>\nsculptural et discr\u00e9tion.<br \/>\n\u2022 Taille Grande : Une v\u00e9ritable pi\u00e8ce ma\u00eetresse qui attire tous les regards. Sa pr\u00e9sence<br \/>\nimposante sublime votre d\u00e9coration int\u00e9rieure, cr\u00e9ant un point focal \u00e0 la fois \u00e9l\u00e9gant et enchanteur.<br \/>\nQue vous choisissiez la version moyenne ou grande, ce rhinoc\u00e9ros en \u00e9b\u00e8ne est une \u0153uvre d\u2019art qui<br \/>\nsymbolise la puret\u00e9, la force et la magie, parfaite pour les amateurs d\u2019art et les passionn\u00e9s de<br \/>\nmythologie.<\/p>","protected":false},"excerpt":{"rendered":"<p>Licorne sculpt\u00e9e en bois d\u2019\u00e9b\u00e8ne, symbole de magie et d\u2019\u00e9l\u00e9gance. Une pi\u00e8ce rare pour sublimer votre int\u00e9rieur avec raffinement.<\/p>","protected":false},"featured_media":11282,"template":"","meta":{"om_disable_all_campaigns":false,"_monsterinsights_skip_tracking":false,"_monsterinsights_sitenote_active":false,"_monsterinsights_sitenote_note":"","_monsterinsights_sitenote_category":0},"product_brand":[],"product_cat":[64,76],"product_tag":[41,46],"class_list":{"0":"post-8606","1":"product","2":"type-product","3":"status-publish","4":"has-post-thumbnail","6":"product_cat-decos","7":"product_cat-statues-en-bois","8":"product_tag-esthetic","9":"product_tag-new","11":"first","12":"instock","13":"sold-individually","14":"taxable","15":"shipping-taxable","16":"purchasable","17":"product-type-simple"},"aioseo_notices":[],"_links":{"self":[{"href":"https:\/\/artisan-all.com\/en\/wp-json\/wp\/v2\/product\/8606","targetHints":{"allow":["GET"]}}],"collection":[{"href":"https:\/\/artisan-all.com\/en\/wp-json\/wp\/v2\/product"}],"about":[{"href":"https:\/\/artisan-all.com\/en\/wp-json\/wp\/v2\/types\/product"}],"wp:featuredmedia":[{"embeddable":true,"href":"https:\/\/artisan-all.com\/en\/wp-json\/wp\/v2\/media\/11282"}],"wp:attachment":[{"href":"https:\/\/artisan-all.com\/en\/wp-json\/wp\/v2\/media?parent=8606"}],"wp:term":[{"taxonomy":"product_brand","embeddable":true,"href":"https:\/\/artisan-all.com\/en\/wp-json\/wp\/v2\/product_brand?post=8606"},{"taxonomy":"product_cat","embeddable":true,"href":"https:\/\/artisan-all.com\/en\/wp-json\/wp\/v2\/product_cat?post=8606"},{"taxonomy":"product_tag","embeddable":true,"href":"https:\/\/artisan-all.com\/en\/wp-json\/wp\/v2\/product_tag?post=8606"}],"curies":[{"name":"wp","href":"https:\/\/api.w.org\/{rel}","templated":true}]}}