{"id":8602,"date":"2025-04-23T09:57:15","date_gmt":"2025-04-23T09:57:15","guid":{"rendered":"https:\/\/artisan-all.com\/?post_type=product&#038;p=8602"},"modified":"2025-09-25T16:31:45","modified_gmt":"2025-09-25T16:31:45","slug":"aslan","status":"publish","type":"product","link":"https:\/\/artisan-all.com\/en\/product\/aslan\/","title":{"rendered":"ASLAN"},"content":{"rendered":"<p>Sculpt\u00e9 avec pr\u00e9cision dans un bois d\u2019\u00e9b\u00e8ne profond, Jabari incarne la puissance et la s\u00e9r\u00e9nit\u00e9 du roi<br \/>\nde la savane. Chaque trait, chaque muscle taill\u00e9 dans cette mati\u00e8re noble r\u00e9v\u00e8le la force tranquille<br \/>\nd\u2019un gardien ancestral.<br \/>\nAslan (\u00ab lion \u00bb en turc, c\u00e9l\u00e8bre par sa noblesse dans les r\u00e9cits)<\/p>","protected":false},"excerpt":{"rendered":"<p>Lion sculpt\u00e9 en bois d\u2019\u00e9b\u00e8ne, symbole de force et de noblesse. Une pi\u00e8ce majestueuse pour une d\u00e9coration puissante et raffin\u00e9e<\/p>","protected":false},"featured_media":9821,"template":"","meta":{"om_disable_all_campaigns":false,"_monsterinsights_skip_tracking":false,"_monsterinsights_sitenote_active":false,"_monsterinsights_sitenote_note":"","_monsterinsights_sitenote_category":0},"product_brand":[],"product_cat":[64,76],"product_tag":[41,46],"class_list":{"0":"post-8602","1":"product","2":"type-product","3":"status-publish","4":"has-post-thumbnail","6":"product_cat-decos","7":"product_cat-statues-en-bois","8":"product_tag-esthetic","9":"product_tag-new","11":"first","12":"instock","13":"sold-individually","14":"taxable","15":"shipping-taxable","16":"purchasable","17":"product-type-simple"},"aioseo_notices":[],"_links":{"self":[{"href":"https:\/\/artisan-all.com\/en\/wp-json\/wp\/v2\/product\/8602","targetHints":{"allow":["GET"]}}],"collection":[{"href":"https:\/\/artisan-all.com\/en\/wp-json\/wp\/v2\/product"}],"about":[{"href":"https:\/\/artisan-all.com\/en\/wp-json\/wp\/v2\/types\/product"}],"wp:featuredmedia":[{"embeddable":true,"href":"https:\/\/artisan-all.com\/en\/wp-json\/wp\/v2\/media\/9821"}],"wp:attachment":[{"href":"https:\/\/artisan-all.com\/en\/wp-json\/wp\/v2\/media?parent=8602"}],"wp:term":[{"taxonomy":"product_brand","embeddable":true,"href":"https:\/\/artisan-all.com\/en\/wp-json\/wp\/v2\/product_brand?post=8602"},{"taxonomy":"product_cat","embeddable":true,"href":"https:\/\/artisan-all.com\/en\/wp-json\/wp\/v2\/product_cat?post=8602"},{"taxonomy":"product_tag","embeddable":true,"href":"https:\/\/artisan-all.com\/en\/wp-json\/wp\/v2\/product_tag?post=8602"}],"curies":[{"name":"wp","href":"https:\/\/api.w.org\/{rel}","templated":true}]}}