{"id":666,"date":"2021-07-07T08:26:21","date_gmt":"2021-07-07T08:26:21","guid":{"rendered":"https:\/\/etruscan.qodeinteractive.com\/?post_type=product&#038;p=666"},"modified":"2025-09-25T10:45:38","modified_gmt":"2025-09-25T10:45:38","slug":"marrakech-savon-noir","status":"publish","type":"product","link":"https:\/\/artisan-all.com\/en\/product\/marrakech-savon-noir\/","title":{"rendered":"MARRAKECH (black soap)"},"content":{"rendered":"<p>Inspir\u00e9 des rituels ancestraux du hammam, notre savon noir marocain \u00e0 la fleur d\u2019oranger<br \/>\nest un soin naturel purifiant qui pr\u00e9pare la peau \u00e0 une exfoliation en douceur. Fabriqu\u00e9 \u00e0<br \/>\nbase d\u2019huile d\u2019olive et huile d\u2019argan et enrichi d\u2019essence naturelle de fleur d\u2019oranger, il<br \/>\nnettoie en profondeur, \u00e9limine les toxines et laisse la peau douce, lisse et d\u00e9licatement<br \/>\nparfum\u00e9e.<br \/>\nSa texture onctueuse et son parfum floral relaxant transforment votre routine de soin en un<br \/>\nv\u00e9ritable moment de bien-\u00eatre.<br \/>\nId\u00e9al pour tous types de peaux.<br \/>\nBienfaits :<br \/>\n\uf0b7 Nettoie et purifie la peau en profondeur<br \/>\n\uf0b7 Pr\u00e9pare \u00e0 l\u2019exfoliation traditionnelle (gant Kessa)<br \/>\n\uf0b7 Adoucit, hydrate et illumine la peau<br \/>\n\uf0b7 Apaise gr\u00e2ce aux vertus relaxantes de la fleur d\u2019oranger<br \/>\n\uf0b7 Parfum naturel et envo\u00fbtant<br \/>\nUtilisation : Appliquer sur peau humide, laisser poser quelques minutes puis exfolier avec un<br \/>\ngant de gommage.<br \/>\nIngr\u00e9dients : P\u00e2te d\u2019olive naturelle\u2014huile d\u2019argan \u2013 huile essentielle de fleur d\u2019oranger \u2013<br \/>\nsans colorants ni conservateurs artificiels.<br \/>\nContenance : 250 g<\/p>","protected":false},"excerpt":{"rendered":"<p class=\"\" data-start=\"273\" data-end=\"371\">Orange blossom black soap. Cleanses, softens, and perfumes the skin while preparing it for exfoliation.<\/p>\n<h3 class=\"\" data-start=\"373\" data-end=\"443\"><\/h3>","protected":false},"featured_media":10280,"template":"","meta":{"om_disable_all_campaigns":false,"_monsterinsights_skip_tracking":false,"_monsterinsights_sitenote_active":false,"_monsterinsights_sitenote_note":"","_monsterinsights_sitenote_category":0},"product_brand":[],"product_cat":[66],"product_tag":[41,46],"class_list":{"0":"post-666","1":"product","2":"type-product","3":"status-publish","4":"has-post-thumbnail","6":"product_cat-cosmetiques","7":"product_tag-esthetic","8":"product_tag-new","10":"first","11":"instock","12":"taxable","13":"shipping-taxable","14":"purchasable","15":"product-type-simple"},"aioseo_notices":[],"_links":{"self":[{"href":"https:\/\/artisan-all.com\/en\/wp-json\/wp\/v2\/product\/666","targetHints":{"allow":["GET"]}}],"collection":[{"href":"https:\/\/artisan-all.com\/en\/wp-json\/wp\/v2\/product"}],"about":[{"href":"https:\/\/artisan-all.com\/en\/wp-json\/wp\/v2\/types\/product"}],"wp:featuredmedia":[{"embeddable":true,"href":"https:\/\/artisan-all.com\/en\/wp-json\/wp\/v2\/media\/10280"}],"wp:attachment":[{"href":"https:\/\/artisan-all.com\/en\/wp-json\/wp\/v2\/media?parent=666"}],"wp:term":[{"taxonomy":"product_brand","embeddable":true,"href":"https:\/\/artisan-all.com\/en\/wp-json\/wp\/v2\/product_brand?post=666"},{"taxonomy":"product_cat","embeddable":true,"href":"https:\/\/artisan-all.com\/en\/wp-json\/wp\/v2\/product_cat?post=666"},{"taxonomy":"product_tag","embeddable":true,"href":"https:\/\/artisan-all.com\/en\/wp-json\/wp\/v2\/product_tag?post=666"}],"curies":[{"name":"wp","href":"https:\/\/api.w.org\/{rel}","templated":true}]}}