{"id":661,"date":"2021-07-07T08:20:38","date_gmt":"2021-07-07T08:20:38","guid":{"rendered":"https:\/\/etruscan.qodeinteractive.com\/?post_type=product&#038;p=661"},"modified":"2025-09-26T09:13:47","modified_gmt":"2025-09-26T09:13:47","slug":"kasbah","status":"publish","type":"product","link":"https:\/\/artisan-all.com\/en\/product\/kasbah\/","title":{"rendered":"KASBAH"},"content":{"rendered":"<p>Laissez-vous s\u00e9duire par la puret\u00e9 de notre eau de rose, un soin floral ancestral reconnu<br \/>\npour ses propri\u00e9t\u00e9s tonifiantes, apaisantes et antioxydantes. Obtenue par distillation des<br \/>\np\u00e9tales de rose, cette eau florale 100 % naturelle est id\u00e9ale pour r\u00e9veiller l\u2019\u00e9clat du teint,<br \/>\nrafra\u00eechir la peau et resserrer les pores.<br \/>\nSon parfum doux et \u00e9l\u00e9gant procure une sensation imm\u00e9diate de bien-\u00eatre. Adapt\u00e9e \u00e0 tous<br \/>\nles types de peaux, m\u00eame les plus sensibles, elle s\u2019utilise au quotidien comme d\u00e9maquillant,<br \/>\nlotion tonique, brume rafra\u00eechissante ou soin apr\u00e8s-soleil.<br \/>\nBienfaits :<br \/>\n\uf0b7 Tonifie et hydrate la peau<br \/>\n\uf0b7 Apaise les rougeurs et les irritations<br \/>\n\uf0b7 Ravive l\u2019\u00e9clat du teint<br \/>\n\uf0b7 Lutte contre les signes de fatigue<br \/>\n\uf0b7 Laisse un parfum floral et d\u00e9licat<br \/>\nIngr\u00e9dients : Eau florale 100 % pure de rose \u2013 sans alcool \u2013 sans conservateurs \u2013 convient \u00e0<br \/>\ntous types de peaux.<br \/>\nContenance : 120 ml<\/p>","protected":false},"excerpt":{"rendered":"<p>Pure rose water, 100% natural. Refreshes, tones, and soothes all skin types.<\/p>","protected":false},"featured_media":10326,"template":"","meta":{"om_disable_all_campaigns":false,"_monsterinsights_skip_tracking":false,"_monsterinsights_sitenote_active":false,"_monsterinsights_sitenote_note":"","_monsterinsights_sitenote_category":0},"product_brand":[],"product_cat":[66],"product_tag":[41,46],"class_list":{"0":"post-661","1":"product","2":"type-product","3":"status-publish","4":"has-post-thumbnail","6":"product_cat-cosmetiques","7":"product_tag-esthetic","8":"product_tag-new","10":"first","11":"instock","12":"taxable","13":"shipping-taxable","14":"purchasable","15":"product-type-simple"},"aioseo_notices":[],"_links":{"self":[{"href":"https:\/\/artisan-all.com\/en\/wp-json\/wp\/v2\/product\/661","targetHints":{"allow":["GET"]}}],"collection":[{"href":"https:\/\/artisan-all.com\/en\/wp-json\/wp\/v2\/product"}],"about":[{"href":"https:\/\/artisan-all.com\/en\/wp-json\/wp\/v2\/types\/product"}],"wp:featuredmedia":[{"embeddable":true,"href":"https:\/\/artisan-all.com\/en\/wp-json\/wp\/v2\/media\/10326"}],"wp:attachment":[{"href":"https:\/\/artisan-all.com\/en\/wp-json\/wp\/v2\/media?parent=661"}],"wp:term":[{"taxonomy":"product_brand","embeddable":true,"href":"https:\/\/artisan-all.com\/en\/wp-json\/wp\/v2\/product_brand?post=661"},{"taxonomy":"product_cat","embeddable":true,"href":"https:\/\/artisan-all.com\/en\/wp-json\/wp\/v2\/product_cat?post=661"},{"taxonomy":"product_tag","embeddable":true,"href":"https:\/\/artisan-all.com\/en\/wp-json\/wp\/v2\/product_tag?post=661"}],"curies":[{"name":"wp","href":"https:\/\/api.w.org\/{rel}","templated":true}]}}