{"id":653,"date":"2021-07-07T08:16:29","date_gmt":"2021-07-07T08:16:29","guid":{"rendered":"https:\/\/etruscan.qodeinteractive.com\/?post_type=product&#038;p=653"},"modified":"2025-09-26T09:12:31","modified_gmt":"2025-09-26T09:12:31","slug":"marrakech-eau-de-fleur-doranger","status":"publish","type":"product","link":"https:\/\/artisan-all.com\/en\/product\/marrakech-eau-de-fleur-doranger\/","title":{"rendered":"MARRAKECH (orange blossom water)"},"content":{"rendered":"<p>Plongez dans un moment de douceur avec notre eau \u00e0 la fleur d\u2019oranger, un soin aux vertus<br \/>\napaisantes, rafra\u00eechissantes et tonifiantes. Obtenue par distillation des fleurs d\u2019oranger,<br \/>\ncette eau florale 100 % naturelle est id\u00e9ale pour revitaliser, calmer et illuminer la peau.<br \/>\nSon parfum d\u00e9licat, douce et l\u00e9g\u00e8rement sucr\u00e9e invite \u00e0 la d\u00e9tente et procure une agr\u00e9able<br \/>\nsensation de fra\u00eecheur \u00e0 chaque application. Adapt\u00e9e \u00e0 tous les types de peaux, m\u00eame les<br \/>\nplus sensibles, elle s\u2019utilise au quotidien comme d\u00e9maquillant, lotion tonique, brume<br \/>\nrafra\u00eechissante ou apaisant apr\u00e8s-soleil.<br \/>\nBienfaits :<br \/>\n\uf0b7 Tonifie et rafra\u00eechit la peau<br \/>\n\uf0b7 Apaise les rougeurs et irritations<br \/>\n\uf0b7 R\u00e9veille l\u2019\u00e9clat du teint<br \/>\n\uf0b7 Parfum naturel et relaxant<br \/>\n\uf0b7 Convient aux adultes comme aux enfants<br \/>\nIngr\u00e9dients : Eau florale 100 % pure de fleur d\u2019oranger \u2013 sans alcool \u2013 sans conservateurs.<br \/>\nContenance : 120 ml<\/p>","protected":false},"excerpt":{"rendered":"<p>Natural orange blossom floral water. Soothes, refreshes, and brightens all skin types.<\/p>","protected":false},"featured_media":10329,"template":"","meta":{"om_disable_all_campaigns":false,"_monsterinsights_skip_tracking":false,"_monsterinsights_sitenote_active":false,"_monsterinsights_sitenote_note":"","_monsterinsights_sitenote_category":0},"product_brand":[],"product_cat":[66],"product_tag":[41,46],"class_list":{"0":"post-653","1":"product","2":"type-product","3":"status-publish","4":"has-post-thumbnail","6":"product_cat-cosmetiques","7":"product_tag-esthetic","8":"product_tag-new","10":"first","11":"instock","12":"taxable","13":"shipping-taxable","14":"purchasable","15":"product-type-simple"},"aioseo_notices":[],"_links":{"self":[{"href":"https:\/\/artisan-all.com\/en\/wp-json\/wp\/v2\/product\/653","targetHints":{"allow":["GET"]}}],"collection":[{"href":"https:\/\/artisan-all.com\/en\/wp-json\/wp\/v2\/product"}],"about":[{"href":"https:\/\/artisan-all.com\/en\/wp-json\/wp\/v2\/types\/product"}],"wp:featuredmedia":[{"embeddable":true,"href":"https:\/\/artisan-all.com\/en\/wp-json\/wp\/v2\/media\/10329"}],"wp:attachment":[{"href":"https:\/\/artisan-all.com\/en\/wp-json\/wp\/v2\/media?parent=653"}],"wp:term":[{"taxonomy":"product_brand","embeddable":true,"href":"https:\/\/artisan-all.com\/en\/wp-json\/wp\/v2\/product_brand?post=653"},{"taxonomy":"product_cat","embeddable":true,"href":"https:\/\/artisan-all.com\/en\/wp-json\/wp\/v2\/product_cat?post=653"},{"taxonomy":"product_tag","embeddable":true,"href":"https:\/\/artisan-all.com\/en\/wp-json\/wp\/v2\/product_tag?post=653"}],"curies":[{"name":"wp","href":"https:\/\/api.w.org\/{rel}","templated":true}]}}