{"id":648,"date":"2021-07-07T08:14:05","date_gmt":"2021-07-07T08:14:05","guid":{"rendered":"https:\/\/etruscan.qodeinteractive.com\/?post_type=product&#038;p=648"},"modified":"2025-09-24T15:46:08","modified_gmt":"2025-09-24T15:46:08","slug":"afiya","status":"publish","type":"product","link":"https:\/\/artisan-all.com\/en\/product\/afiya\/","title":{"rendered":"AFIYA"},"content":{"rendered":"<p>Ce coussin d\u00e9coratif pr\u00e9sente un motif \u00e9questre raffin\u00e9, avec sa couleur orange inspir\u00e9 de<br \/>\nl\u2019univers embl\u00e9matique de la maison Herm\u00e8s. Harnais entrelac\u00e9s, \u00e9l\u00e9ments d\u2019armure ou<br \/>\nsilhouettes de cavaliers s\u2019entrelacent dans une composition \u00e9l\u00e9gante et \u00e9quilibr\u00e9e, \u00e9voquant<br \/>\nle luxe, le mouvement et l\u2019h\u00e9ritage \u00e9questre.<br \/>\nCaract\u00e9ristiques :<br \/>\n* Tissus de qualit\u00e9 : velours<br \/>\n* Fermeture discr\u00e8te : zip invisible<br \/>\n* Housse d\u00e9houssable \u2013 lavable \u00e0 la main ou en machin<br \/>\n* Dimensions disponibles : 45&#215;45 cm<\/p>\n<p>* Vendu sans rembourrage int\u00e9rieur<\/p>","protected":false},"excerpt":{"rendered":"<p class=\"\" data-start=\"242\" data-end=\"342\">Coussin inspir\u00e9 par le luxe Herm\u00e8s, alliant \u00e9l\u00e9gance, confort et style raffin\u00e9 pour votre int\u00e9rieur.<\/p>\n<h3 class=\"\" data-start=\"344\" data-end=\"415\"><\/h3>","protected":false},"featured_media":10755,"template":"","meta":{"om_disable_all_campaigns":false,"_monsterinsights_skip_tracking":false,"_monsterinsights_sitenote_active":false,"_monsterinsights_sitenote_note":"","_monsterinsights_sitenote_category":0},"product_brand":[],"product_cat":[80],"product_tag":[41,46],"class_list":{"0":"post-648","1":"product","2":"type-product","3":"status-publish","4":"has-post-thumbnail","6":"product_cat-coussin-decoratif","7":"product_tag-esthetic","8":"product_tag-new","10":"first","11":"instock","12":"taxable","13":"shipping-taxable","14":"purchasable","15":"product-type-simple"},"aioseo_notices":[],"_links":{"self":[{"href":"https:\/\/artisan-all.com\/en\/wp-json\/wp\/v2\/product\/648","targetHints":{"allow":["GET"]}}],"collection":[{"href":"https:\/\/artisan-all.com\/en\/wp-json\/wp\/v2\/product"}],"about":[{"href":"https:\/\/artisan-all.com\/en\/wp-json\/wp\/v2\/types\/product"}],"wp:featuredmedia":[{"embeddable":true,"href":"https:\/\/artisan-all.com\/en\/wp-json\/wp\/v2\/media\/10755"}],"wp:attachment":[{"href":"https:\/\/artisan-all.com\/en\/wp-json\/wp\/v2\/media?parent=648"}],"wp:term":[{"taxonomy":"product_brand","embeddable":true,"href":"https:\/\/artisan-all.com\/en\/wp-json\/wp\/v2\/product_brand?post=648"},{"taxonomy":"product_cat","embeddable":true,"href":"https:\/\/artisan-all.com\/en\/wp-json\/wp\/v2\/product_cat?post=648"},{"taxonomy":"product_tag","embeddable":true,"href":"https:\/\/artisan-all.com\/en\/wp-json\/wp\/v2\/product_tag?post=648"}],"curies":[{"name":"wp","href":"https:\/\/api.w.org\/{rel}","templated":true}]}}