{"id":638,"date":"2021-07-07T08:08:57","date_gmt":"2021-07-07T08:08:57","guid":{"rendered":"https:\/\/etruscan.qodeinteractive.com\/?post_type=product&#038;p=638"},"modified":"2025-09-24T15:38:17","modified_gmt":"2025-09-24T15:38:17","slug":"azzia","status":"publish","type":"product","link":"https:\/\/artisan-all.com\/en\/product\/azzia\/","title":{"rendered":"AZZIA"},"content":{"rendered":"<p>Ce coussin en velours noir uni se distingue par sa texture luxueuse et son design minimaliste.<br \/>\nDoux au toucher et visuellement raffin\u00e9, il s\u2019int\u00e8gre parfaitement dans tout type d\u2019int\u00e9rieur,<br \/>\ndu plus classique au plus contemporain.<br \/>\nIl va parfaitement avec le coussin ZELLIJA (voir notre collection)<br \/>\nCaract\u00e9ristiques :<br \/>\n* Tissus de qualit\u00e9 : velours<br \/>\n* Confection artisanale au Maroc<br \/>\n* Fermeture discr\u00e8te : zip invisible<br \/>\n* Housse d\u00e9houssable \u2013 lavable \u00e0 la main ou en machine<br \/>\n* Dimensions disponibles : 45&#215;45 cm<br \/>\n* Vendu sans rembourrage int\u00e9rieur<\/p>","protected":false},"excerpt":{"rendered":"<p class=\"\" data-start=\"423\" data-end=\"529\">Coussin noir, un choix raffin\u00e9 et intemporel pour une touche de simplicit\u00e9 et de classe \u00e0 votre int\u00e9rieur.<\/p>","protected":false},"featured_media":10752,"template":"","meta":{"om_disable_all_campaigns":false,"_monsterinsights_skip_tracking":false,"_monsterinsights_sitenote_active":false,"_monsterinsights_sitenote_note":"","_monsterinsights_sitenote_category":0},"product_brand":[],"product_cat":[80],"product_tag":[41,46],"class_list":{"0":"post-638","1":"product","2":"type-product","3":"status-publish","4":"has-post-thumbnail","6":"product_cat-coussin-decoratif","7":"product_tag-esthetic","8":"product_tag-new","10":"first","11":"instock","12":"taxable","13":"shipping-taxable","14":"purchasable","15":"product-type-simple"},"aioseo_notices":[],"_links":{"self":[{"href":"https:\/\/artisan-all.com\/en\/wp-json\/wp\/v2\/product\/638","targetHints":{"allow":["GET"]}}],"collection":[{"href":"https:\/\/artisan-all.com\/en\/wp-json\/wp\/v2\/product"}],"about":[{"href":"https:\/\/artisan-all.com\/en\/wp-json\/wp\/v2\/types\/product"}],"wp:featuredmedia":[{"embeddable":true,"href":"https:\/\/artisan-all.com\/en\/wp-json\/wp\/v2\/media\/10752"}],"wp:attachment":[{"href":"https:\/\/artisan-all.com\/en\/wp-json\/wp\/v2\/media?parent=638"}],"wp:term":[{"taxonomy":"product_brand","embeddable":true,"href":"https:\/\/artisan-all.com\/en\/wp-json\/wp\/v2\/product_brand?post=638"},{"taxonomy":"product_cat","embeddable":true,"href":"https:\/\/artisan-all.com\/en\/wp-json\/wp\/v2\/product_cat?post=638"},{"taxonomy":"product_tag","embeddable":true,"href":"https:\/\/artisan-all.com\/en\/wp-json\/wp\/v2\/product_tag?post=638"}],"curies":[{"name":"wp","href":"https:\/\/api.w.org\/{rel}","templated":true}]}}