{"id":402,"date":"2021-07-06T09:52:02","date_gmt":"2021-07-06T09:52:02","guid":{"rendered":"https:\/\/etruscan.qodeinteractive.com\/?post_type=product&#038;p=402"},"modified":"2025-09-25T10:32:53","modified_gmt":"2025-09-25T10:32:53","slug":"marrakech-lait-corporelle-miniature","status":"publish","type":"product","link":"https:\/\/artisan-all.com\/en\/product\/marrakech-lait-corporelle-miniature\/","title":{"rendered":"MARRAKECH (mini body lotion)"},"content":{"rendered":"<p>Offrez \u00e0 votre peau un moment de douceur avec notre lait corporel \u00e0 base d\u2019huile d\u2019argan<br \/>\net de fleur d\u2019oranger. Sa texture l\u00e9g\u00e8re et soyeuse p\u00e9n\u00e8tre rapidement pour hydrater,<br \/>\nnourrir et apaiser la peau en profondeur, sans effet gras.<br \/>\nRiche en huile d\u2019argan, connue pour ses propri\u00e9t\u00e9s r\u00e9g\u00e9n\u00e9rantes et antioxydantes, ce soin<br \/>\nquotidien restaure l\u2019\u00e9lasticit\u00e9 de la peau et lui redonne \u00e9clat et souplesse. La fleur<br \/>\nd\u2019oranger, aux vertus relaxantes, enveloppe le corps d\u2019un parfum subtil et apaisant, parfait<br \/>\npour un instant de bien-\u00eatre.<br \/>\nUtilisable pour tous types de peaux, m\u00eame sensibles.<br \/>\nId\u00e9al pour les voyages et cadeaux.<br \/>\nBienfaits :<br \/>\n\uf0b7 Hydrate intens\u00e9ment et durablement<br \/>\n\uf0b7 Adoucit et prot\u00e8ge la peau<br \/>\n\uf0b7 Laisse un fini velout\u00e9 et non gras<br \/>\n\uf0b7 Parfume d\u00e9licatement avec des notes florales<br \/>\n\uf0b7 Convient \u00e0 un usage quotidien<br \/>\nIngr\u00e9dients cl\u00e9s : Huile d\u2019argan \u2013 extrait naturel de fleur d\u2019oranger \u2013 sans parab\u00e8nes.<br \/>\nVolume: 30 ml<\/p>","protected":false},"excerpt":{"rendered":"<p class=\"\" data-start=\"266\" data-end=\"366\">Moisturizing body lotion with orange blossom. For soft, fresh, and delicately scented skin.<\/p>\n<h3 class=\"\" data-start=\"368\" data-end=\"438\"><\/h3>","protected":false},"featured_media":10320,"template":"","meta":{"om_disable_all_campaigns":false,"_monsterinsights_skip_tracking":false,"_monsterinsights_sitenote_active":false,"_monsterinsights_sitenote_note":"","_monsterinsights_sitenote_category":0},"product_brand":[],"product_cat":[66],"product_tag":[43],"class_list":{"0":"post-402","1":"product","2":"type-product","3":"status-publish","4":"has-post-thumbnail","6":"product_cat-cosmetiques","7":"product_tag-flowers","8":"new","10":"first","11":"instock","12":"taxable","13":"shipping-taxable","14":"purchasable","15":"product-type-simple"},"aioseo_notices":[],"_links":{"self":[{"href":"https:\/\/artisan-all.com\/en\/wp-json\/wp\/v2\/product\/402","targetHints":{"allow":["GET"]}}],"collection":[{"href":"https:\/\/artisan-all.com\/en\/wp-json\/wp\/v2\/product"}],"about":[{"href":"https:\/\/artisan-all.com\/en\/wp-json\/wp\/v2\/types\/product"}],"wp:featuredmedia":[{"embeddable":true,"href":"https:\/\/artisan-all.com\/en\/wp-json\/wp\/v2\/media\/10320"}],"wp:attachment":[{"href":"https:\/\/artisan-all.com\/en\/wp-json\/wp\/v2\/media?parent=402"}],"wp:term":[{"taxonomy":"product_brand","embeddable":true,"href":"https:\/\/artisan-all.com\/en\/wp-json\/wp\/v2\/product_brand?post=402"},{"taxonomy":"product_cat","embeddable":true,"href":"https:\/\/artisan-all.com\/en\/wp-json\/wp\/v2\/product_cat?post=402"},{"taxonomy":"product_tag","embeddable":true,"href":"https:\/\/artisan-all.com\/en\/wp-json\/wp\/v2\/product_tag?post=402"}],"curies":[{"name":"wp","href":"https:\/\/api.w.org\/{rel}","templated":true}]}}