{"id":225,"date":"2021-07-01T11:50:36","date_gmt":"2021-07-01T11:50:36","guid":{"rendered":"https:\/\/etruscan.qodeinteractive.com\/?post_type=product&#038;p=225"},"modified":"2025-09-25T10:38:05","modified_gmt":"2025-09-25T10:38:05","slug":"yasmina-huile-en-miniature","status":"publish","type":"product","link":"https:\/\/artisan-all.com\/en\/product\/yasmina-huile-en-miniature\/","title":{"rendered":"YASMINA (miniature oil)"},"content":{"rendered":"<p>Succombez \u00e0 la d\u00e9licatesse de notre huile d\u2019argan au jasmin, un \u00e9lixir de beaut\u00e9 qui allie les<br \/>\nvertus nourrissantes de l\u2019argan \u00e0 la fra\u00eecheur florale du jasmin. Riche en vitamine E et<br \/>\nacides gras essentiels, elle hydrate, r\u00e9pare et sublime la peau, tout en l\u2019enveloppant d\u2019un<br \/>\nparfum doux, sensuel et apaisant.<br \/>\nParfaite pour une routine bien-\u00eatre, cette huile p\u00e9n\u00e8tre rapidement sans laisser de film gras.<br \/>\nElle convient \u00e0 tous les types de peaux, m\u00eame sensibles.<br \/>\nId\u00e9al pour les voyages et cadeaux.<\/p>\n<p>Bienfaits :<br \/>\nNourrit et assouplit la peau<br \/>\nLaisse un parfum floral et relaxant<br \/>\n100 % naturelle, sans additifs<br \/>\n&#8211;Utilisation : Appliquer quelques gouttes sur la peau. Masser d\u00e9licatement jusqu\u2019\u00e0<br \/>\nabsorption compl\u00e8te.<br \/>\n&#8211;Ingr\u00e9dients : Huile d\u2019argan 100 % naturelle \u2013 extrait naturel du jasmin\u2013 sans parab\u00e8nes,<br \/>\nsans silicones.<br \/>\nVolume: 30 ml<\/p>","protected":false},"excerpt":{"rendered":"<p>A natural treatment with the scent of jasmine for soft, satin-smooth, and delicately fragranced skin.<\/p>","protected":false},"featured_media":10279,"template":"","meta":{"om_disable_all_campaigns":false,"_monsterinsights_skip_tracking":false,"_monsterinsights_sitenote_active":false,"_monsterinsights_sitenote_note":"","_monsterinsights_sitenote_category":0},"product_brand":[],"product_cat":[66],"product_tag":[43],"class_list":{"0":"post-225","1":"product","2":"type-product","3":"status-publish","4":"has-post-thumbnail","6":"product_cat-cosmetiques","7":"product_tag-flowers","9":"first","10":"instock","11":"taxable","12":"shipping-taxable","13":"purchasable","14":"product-type-simple"},"aioseo_notices":[],"_links":{"self":[{"href":"https:\/\/artisan-all.com\/en\/wp-json\/wp\/v2\/product\/225","targetHints":{"allow":["GET"]}}],"collection":[{"href":"https:\/\/artisan-all.com\/en\/wp-json\/wp\/v2\/product"}],"about":[{"href":"https:\/\/artisan-all.com\/en\/wp-json\/wp\/v2\/types\/product"}],"wp:featuredmedia":[{"embeddable":true,"href":"https:\/\/artisan-all.com\/en\/wp-json\/wp\/v2\/media\/10279"}],"wp:attachment":[{"href":"https:\/\/artisan-all.com\/en\/wp-json\/wp\/v2\/media?parent=225"}],"wp:term":[{"taxonomy":"product_brand","embeddable":true,"href":"https:\/\/artisan-all.com\/en\/wp-json\/wp\/v2\/product_brand?post=225"},{"taxonomy":"product_cat","embeddable":true,"href":"https:\/\/artisan-all.com\/en\/wp-json\/wp\/v2\/product_cat?post=225"},{"taxonomy":"product_tag","embeddable":true,"href":"https:\/\/artisan-all.com\/en\/wp-json\/wp\/v2\/product_tag?post=225"}],"curies":[{"name":"wp","href":"https:\/\/api.w.org\/{rel}","templated":true}]}}