{"id":11739,"date":"2025-06-23T17:28:45","date_gmt":"2025-06-23T17:28:45","guid":{"rendered":"https:\/\/artisan-all.com\/?post_type=product&#038;p=11739"},"modified":"2025-09-25T13:42:56","modified_gmt":"2025-09-25T13:42:56","slug":"bracelet-vert","status":"publish","type":"product","link":"https:\/\/artisan-all.com\/en\/product\/bracelet-vert\/","title":{"rendered":"KATONGO (malachite)"},"content":{"rendered":"<p>Ce bracelet allie l\u2019\u00e9nergie profonde de la malachite naturelle \u00e0 la solidit\u00e9 \u00e9l\u00e9gante de l\u2019acier<br \/>\ninoxydable pour un bijou \u00e0 la fois raffin\u00e9 et durable. Parfait pour un style unisexe affirm\u00e9, il<br \/>\naccompagne aussi bien les looks urbains que les tenues plus sobres.<br \/>\nCaract\u00e9ristique :<br \/>\n\u2013Mati\u00e8re : pierre semi pr\u00e9cieuse Malachite<br \/>\n\u2013origine des perles : R\u00e9publique d\u00e9mocratique du Congo<br \/>\n\u2013dimension : 18 cm (chaine ajustable+ 5 cm)<br \/>\n\u2013propri\u00e9t\u00e9 : Soutien au syst\u00e8me immunitaire et nerveux, soulagement des douleurs, favorise<br \/>\nla conscience de soi, l\u2019intuition et l\u2019ouverture du c\u0153ur.<br \/>\n\u2013fait au Maroc<\/p>","protected":false},"excerpt":{"rendered":"<p data-start=\"95\" data-end=\"191\">Bracelet en perles vertes fait main, fra\u00eecheur et \u00e9l\u00e9gance naturelle.<\/p>","protected":false},"featured_media":11735,"template":"","meta":{"om_disable_all_campaigns":false,"_monsterinsights_skip_tracking":false,"_monsterinsights_sitenote_active":false,"_monsterinsights_sitenote_note":"","_monsterinsights_sitenote_category":0},"product_brand":[],"product_cat":[63,73],"product_tag":[],"class_list":{"0":"post-11739","1":"product","2":"type-product","3":"status-publish","4":"has-post-thumbnail","6":"product_cat-bijoux","7":"product_cat-bracelets","9":"first","10":"instock","11":"sold-individually","12":"taxable","13":"shipping-taxable","14":"purchasable","15":"product-type-simple"},"aioseo_notices":[],"_links":{"self":[{"href":"https:\/\/artisan-all.com\/en\/wp-json\/wp\/v2\/product\/11739","targetHints":{"allow":["GET"]}}],"collection":[{"href":"https:\/\/artisan-all.com\/en\/wp-json\/wp\/v2\/product"}],"about":[{"href":"https:\/\/artisan-all.com\/en\/wp-json\/wp\/v2\/types\/product"}],"wp:featuredmedia":[{"embeddable":true,"href":"https:\/\/artisan-all.com\/en\/wp-json\/wp\/v2\/media\/11735"}],"wp:attachment":[{"href":"https:\/\/artisan-all.com\/en\/wp-json\/wp\/v2\/media?parent=11739"}],"wp:term":[{"taxonomy":"product_brand","embeddable":true,"href":"https:\/\/artisan-all.com\/en\/wp-json\/wp\/v2\/product_brand?post=11739"},{"taxonomy":"product_cat","embeddable":true,"href":"https:\/\/artisan-all.com\/en\/wp-json\/wp\/v2\/product_cat?post=11739"},{"taxonomy":"product_tag","embeddable":true,"href":"https:\/\/artisan-all.com\/en\/wp-json\/wp\/v2\/product_tag?post=11739"}],"curies":[{"name":"wp","href":"https:\/\/api.w.org\/{rel}","templated":true}]}}