{"id":11464,"date":"2025-06-12T15:35:39","date_gmt":"2025-06-12T15:35:39","guid":{"rendered":"https:\/\/artisan-all.com\/?post_type=product&#038;p=11464"},"modified":"2025-09-25T15:54:34","modified_gmt":"2025-09-25T15:54:34","slug":"statue-4","status":"publish","type":"product","link":"https:\/\/artisan-all.com\/en\/product\/statue-4\/","title":{"rendered":"DUMA"},"content":{"rendered":"<p data-start=\"1467\" data-end=\"1843\">Inspir\u00e9e des arts tribaux, cette statue d\u2019humain en bois est bien plus qu\u2019un objet d\u00e9coratif : elle porte en elle la m\u00e9moire d\u2019un peuple, d\u2019un rituel, d\u2019un message transmis par les mains de l\u2019artisan. Chaque d\u00e9tail sculpt\u00e9 \u00e9voque une histoire, une identit\u00e9, une forme de spiritualit\u00e9.<\/p>","protected":false},"excerpt":{"rendered":"<p>Figure humaine sculpt\u00e9e, h\u00e9ritage et expression culturelle.<\/p>","protected":false},"featured_media":11465,"template":"","meta":{"om_disable_all_campaigns":false,"_monsterinsights_skip_tracking":false,"_monsterinsights_sitenote_active":false,"_monsterinsights_sitenote_note":"","_monsterinsights_sitenote_category":0},"product_brand":[],"product_cat":[64,76],"product_tag":[],"class_list":{"0":"post-11464","1":"product","2":"type-product","3":"status-publish","4":"has-post-thumbnail","6":"product_cat-decos","7":"product_cat-statues-en-bois","9":"first","10":"instock","11":"sold-individually","12":"taxable","13":"shipping-taxable","14":"purchasable","15":"product-type-simple"},"aioseo_notices":[],"_links":{"self":[{"href":"https:\/\/artisan-all.com\/en\/wp-json\/wp\/v2\/product\/11464","targetHints":{"allow":["GET"]}}],"collection":[{"href":"https:\/\/artisan-all.com\/en\/wp-json\/wp\/v2\/product"}],"about":[{"href":"https:\/\/artisan-all.com\/en\/wp-json\/wp\/v2\/types\/product"}],"wp:featuredmedia":[{"embeddable":true,"href":"https:\/\/artisan-all.com\/en\/wp-json\/wp\/v2\/media\/11465"}],"wp:attachment":[{"href":"https:\/\/artisan-all.com\/en\/wp-json\/wp\/v2\/media?parent=11464"}],"wp:term":[{"taxonomy":"product_brand","embeddable":true,"href":"https:\/\/artisan-all.com\/en\/wp-json\/wp\/v2\/product_brand?post=11464"},{"taxonomy":"product_cat","embeddable":true,"href":"https:\/\/artisan-all.com\/en\/wp-json\/wp\/v2\/product_cat?post=11464"},{"taxonomy":"product_tag","embeddable":true,"href":"https:\/\/artisan-all.com\/en\/wp-json\/wp\/v2\/product_tag?post=11464"}],"curies":[{"name":"wp","href":"https:\/\/api.w.org\/{rel}","templated":true}]}}