{"id":11451,"date":"2025-06-12T14:51:03","date_gmt":"2025-06-12T14:51:03","guid":{"rendered":"https:\/\/artisan-all.com\/?post_type=product&#038;p=11451"},"modified":"2025-09-24T17:30:59","modified_gmt":"2025-09-24T17:30:59","slug":"pochette-g-6-2","status":"publish","type":"product","link":"https:\/\/artisan-all.com\/en\/product\/pochette-g-6-2\/","title":{"rendered":"LUMA B (taille grande)"},"content":{"rendered":"<p>\u00c9l\u00e9gante et unique, la pochette (x) marie tradition et modernit\u00e9. Confectionn\u00e9e en raphia<br \/>\nKuba, un textile congolais tiss\u00e9 \u00e0 la main et reconnu pour ses motifs g\u00e9om\u00e9triques, elle est<br \/>\nsublim\u00e9e par des finitions en cuir italien de qualit\u00e9.<br \/>\nChaque pi\u00e8ce est assembl\u00e9e artisanalement au Maroc, ce qui lui conf\u00e8re un caract\u00e8re<br \/>\nunique, aucun motif ne se r\u00e9p\u00e8te \u00e0 l\u2019identique. Compacte et pratique, cette pochette est<br \/>\nid\u00e9ale pour accompagner vos sorties, ranger vos essentiels du quotidien ou apporter une<br \/>\ntouche ethnique-chic \u00e0 votre style.<br \/>\nCaract\u00e9ristiques :<br \/>\n\uf0b7 Mati\u00e8res : Raphia Kuba &amp; cuir italien<br \/>\n\uf0b7 Confection : Artisanale, faite au Maroc<br \/>\n\uf0b7 Taille TUMA A\/B\/C\/D\/E : 18&#215;13 cm (id\u00e9ale pour t\u00e9l\u00e9phone, cl\u00e9s, petits accessoires)<br \/>\n\uf0b7 Taille LUMA A\/B : 23&#215;16 cm<br \/>\n\uf0b7 Fermeture : Zip en laiton avec languette en cuir<br \/>\n\uf0b7 Chaque mod\u00e8le est unique (motifs et nuances peuvent varier)<\/p>","protected":false},"excerpt":{"rendered":"<p data-start=\"788\" data-end=\"895\">Pochette moyenne rouge, \u00e9l\u00e9gante et fonctionnelle, parfaite pour apporter une touche color\u00e9e \u00e0 votre style.<\/p>","protected":false},"featured_media":11405,"template":"","meta":{"om_disable_all_campaigns":false,"_monsterinsights_skip_tracking":false,"_monsterinsights_sitenote_active":false,"_monsterinsights_sitenote_note":"","_monsterinsights_sitenote_category":0},"product_brand":[],"product_cat":[15],"product_tag":[],"class_list":{"0":"post-11451","1":"product","2":"type-product","3":"status-publish","4":"has-post-thumbnail","6":"product_cat-sacs-et-pochettes","8":"first","9":"instock","10":"sold-individually","11":"taxable","12":"shipping-taxable","13":"purchasable","14":"product-type-simple"},"aioseo_notices":[],"_links":{"self":[{"href":"https:\/\/artisan-all.com\/en\/wp-json\/wp\/v2\/product\/11451","targetHints":{"allow":["GET"]}}],"collection":[{"href":"https:\/\/artisan-all.com\/en\/wp-json\/wp\/v2\/product"}],"about":[{"href":"https:\/\/artisan-all.com\/en\/wp-json\/wp\/v2\/types\/product"}],"wp:featuredmedia":[{"embeddable":true,"href":"https:\/\/artisan-all.com\/en\/wp-json\/wp\/v2\/media\/11405"}],"wp:attachment":[{"href":"https:\/\/artisan-all.com\/en\/wp-json\/wp\/v2\/media?parent=11451"}],"wp:term":[{"taxonomy":"product_brand","embeddable":true,"href":"https:\/\/artisan-all.com\/en\/wp-json\/wp\/v2\/product_brand?post=11451"},{"taxonomy":"product_cat","embeddable":true,"href":"https:\/\/artisan-all.com\/en\/wp-json\/wp\/v2\/product_cat?post=11451"},{"taxonomy":"product_tag","embeddable":true,"href":"https:\/\/artisan-all.com\/en\/wp-json\/wp\/v2\/product_tag?post=11451"}],"curies":[{"name":"wp","href":"https:\/\/api.w.org\/{rel}","templated":true}]}}