{"id":11442,"date":"2025-06-12T14:45:58","date_gmt":"2025-06-12T14:45:58","guid":{"rendered":"https:\/\/artisan-all.com\/?post_type=product&#038;p=11442"},"modified":"2025-09-24T17:36:37","modified_gmt":"2025-09-24T17:36:37","slug":"sac-17","status":"publish","type":"product","link":"https:\/\/artisan-all.com\/en\/product\/sac-17\/","title":{"rendered":"TISSALIT BAG"},"content":{"rendered":"<p>Le sac Tissalit est une pi\u00e8ce artisanale marocaine qui met en valeur la beaut\u00e9 du raphia<br \/>\ntress\u00e9 \u00e0 la main. Son design ajour\u00e9 et a\u00e9r\u00e9 lui conf\u00e8re une allure l\u00e9g\u00e8re et estivale, id\u00e9ale<br \/>\npour vos sorties ensoleill\u00e9es.<br \/>\nSes anses en daim tress\u00e9 assurent confort et solidit\u00e9, tandis que le pompon d\u00e9coratif assorti<br \/>\najoute une touche raffin\u00e9e et tendance. Pratique et spacieux, le sac Tissalit vous<br \/>\naccompagne aussi bien \u00e0 la plage qu\u2019en ville, tout en sublimant vos tenues avec authenticit\u00e9.<br \/>\nCaract\u00e9ristiques :<br \/>\n\uf0b7 Mati\u00e8re : raphia naturel tress\u00e9 &amp; finitions en daim<br \/>\n\uf0b7 Anses en daim tress\u00e9<br \/>\n\uf0b7 Pompon d\u00e9coratif assorti<br \/>\n\uf0b7 Fabrication artisanale marocaine<br \/>\n\uf0b7 Style ajour\u00e9 pour plus de l\u00e9g\u00e8ret\u00e9<\/p>\n<p>&nbsp;<\/p>","protected":false},"excerpt":{"rendered":"<p data-start=\"88\" data-end=\"181\">Sac en raphia naturel aux touches marron, chaleureux et artisanal.<\/p>","protected":false},"featured_media":11422,"template":"","meta":{"om_disable_all_campaigns":false,"_monsterinsights_skip_tracking":false,"_monsterinsights_sitenote_active":false,"_monsterinsights_sitenote_note":"","_monsterinsights_sitenote_category":0},"product_brand":[],"product_cat":[15],"product_tag":[],"class_list":{"0":"post-11442","1":"product","2":"type-product","3":"status-publish","4":"has-post-thumbnail","6":"product_cat-sacs-et-pochettes","8":"first","9":"instock","10":"sold-individually","11":"taxable","12":"shipping-taxable","13":"purchasable","14":"product-type-simple"},"aioseo_notices":[],"_links":{"self":[{"href":"https:\/\/artisan-all.com\/en\/wp-json\/wp\/v2\/product\/11442","targetHints":{"allow":["GET"]}}],"collection":[{"href":"https:\/\/artisan-all.com\/en\/wp-json\/wp\/v2\/product"}],"about":[{"href":"https:\/\/artisan-all.com\/en\/wp-json\/wp\/v2\/types\/product"}],"wp:featuredmedia":[{"embeddable":true,"href":"https:\/\/artisan-all.com\/en\/wp-json\/wp\/v2\/media\/11422"}],"wp:attachment":[{"href":"https:\/\/artisan-all.com\/en\/wp-json\/wp\/v2\/media?parent=11442"}],"wp:term":[{"taxonomy":"product_brand","embeddable":true,"href":"https:\/\/artisan-all.com\/en\/wp-json\/wp\/v2\/product_brand?post=11442"},{"taxonomy":"product_cat","embeddable":true,"href":"https:\/\/artisan-all.com\/en\/wp-json\/wp\/v2\/product_cat?post=11442"},{"taxonomy":"product_tag","embeddable":true,"href":"https:\/\/artisan-all.com\/en\/wp-json\/wp\/v2\/product_tag?post=11442"}],"curies":[{"name":"wp","href":"https:\/\/api.w.org\/{rel}","templated":true}]}}