{"id":11441,"date":"2025-06-12T14:45:20","date_gmt":"2025-06-12T14:45:20","guid":{"rendered":"https:\/\/artisan-all.com\/?post_type=product&#038;p=11441"},"modified":"2025-09-24T17:34:41","modified_gmt":"2025-09-24T17:34:41","slug":"sac-16","status":"publish","type":"product","link":"https:\/\/artisan-all.com\/en\/product\/sac-16\/","title":{"rendered":"TAMDA BAG"},"content":{"rendered":"<p>Ce sac est une pi\u00e8ce unique, enti\u00e8rement fabriqu\u00e9e \u00e0 la main par des artisans marocains.<br \/>\nCon\u00e7u en raphia tress\u00e9 avec des finitions en cuir v\u00e9ritable, il allie savoir-faire traditionnel et<br \/>\nstyle intemporel.<br \/>\nDot\u00e9 de deux anses rondes gain\u00e9es de cuir et d\u2019une bandouli\u00e8re ajustable et amovible, il<br \/>\ns\u2019adapte \u00e0 toutes vos envies : port\u00e9 main, \u00e9paule ou en bandouli\u00e8re. La fermeture \u00e0 boucle<br \/>\nen cuir apporte \u00e0 la fois s\u00e9curit\u00e9 et caract\u00e8re \u00e0 ce mod\u00e8le au charme authentique<br \/>\nL\u00e9ger, pratique et raffin\u00e9, le sac Tamda est id\u00e9al aussi bien pour vos journ\u00e9es en ville que<br \/>\npour vos escapades estivales.<br \/>\nCaract\u00e9ristiques :<br \/>\n\uf0b7 Mati\u00e8re : raphia naturel tress\u00e9 et cuir v\u00e9ritable<br \/>\n\uf0b7 Anses rondes + bandouli\u00e8re r\u00e9glable et amovible<br \/>\n\uf0b7 Fermeture par boucle en cuir<br \/>\n\uf0b7 Fabrication artisanale marocaine<\/p>\n<p>\uf0b7 Style : naturel, chic et authentique<\/p>","protected":false},"excerpt":{"rendered":"<p data-start=\"81\" data-end=\"176\">Sac en raphia avec accents orange, un souffle de couleur artisanale.<\/p>","protected":false},"featured_media":11419,"template":"","meta":{"om_disable_all_campaigns":false,"_monsterinsights_skip_tracking":false,"_monsterinsights_sitenote_active":false,"_monsterinsights_sitenote_note":"","_monsterinsights_sitenote_category":0},"product_brand":[],"product_cat":[15],"product_tag":[],"class_list":{"0":"post-11441","1":"product","2":"type-product","3":"status-publish","4":"has-post-thumbnail","6":"product_cat-sacs-et-pochettes","8":"first","9":"instock","10":"sold-individually","11":"taxable","12":"shipping-taxable","13":"purchasable","14":"product-type-simple"},"aioseo_notices":[],"_links":{"self":[{"href":"https:\/\/artisan-all.com\/en\/wp-json\/wp\/v2\/product\/11441","targetHints":{"allow":["GET"]}}],"collection":[{"href":"https:\/\/artisan-all.com\/en\/wp-json\/wp\/v2\/product"}],"about":[{"href":"https:\/\/artisan-all.com\/en\/wp-json\/wp\/v2\/types\/product"}],"wp:featuredmedia":[{"embeddable":true,"href":"https:\/\/artisan-all.com\/en\/wp-json\/wp\/v2\/media\/11419"}],"wp:attachment":[{"href":"https:\/\/artisan-all.com\/en\/wp-json\/wp\/v2\/media?parent=11441"}],"wp:term":[{"taxonomy":"product_brand","embeddable":true,"href":"https:\/\/artisan-all.com\/en\/wp-json\/wp\/v2\/product_brand?post=11441"},{"taxonomy":"product_cat","embeddable":true,"href":"https:\/\/artisan-all.com\/en\/wp-json\/wp\/v2\/product_cat?post=11441"},{"taxonomy":"product_tag","embeddable":true,"href":"https:\/\/artisan-all.com\/en\/wp-json\/wp\/v2\/product_tag?post=11441"}],"curies":[{"name":"wp","href":"https:\/\/api.w.org\/{rel}","templated":true}]}}