{"id":11440,"date":"2025-06-12T14:44:36","date_gmt":"2025-06-12T14:44:36","guid":{"rendered":"https:\/\/artisan-all.com\/?post_type=product&#038;p=11440"},"modified":"2025-09-24T17:39:56","modified_gmt":"2025-09-24T17:39:56","slug":"sac-15","status":"publish","type":"product","link":"https:\/\/artisan-all.com\/en\/product\/sac-15\/","title":{"rendered":"TAZARINE BAG"},"content":{"rendered":"<p>Ce sac est une cr\u00e9ation artisanale marocaine qui allie vannerie traditionnelle en raphia et<br \/>\nfinitions modernes en daim. Son design \u00e9l\u00e9gant se distingue par ses franges lat\u00e9rales, qui<br \/>\napportent une touche boh\u00e8me chic \u00e0 ce mod\u00e8le unique.<br \/>\nAvec ses anses courtes en daim et sa bandouli\u00e8re r\u00e9glable et amovible, il peut \u00eatre port\u00e9<br \/>\naussi bien \u00e0 la main qu\u2019\u00e0 l\u2019\u00e9paule, selon vos envies. La patte de fermeture en cuir daim<br \/>\najoute style et praticit\u00e9, pour un sac aussi esth\u00e9tique que fonctionnel.<br \/>\nSpacieux et l\u00e9ger, ce sac est le compagnon id\u00e9al pour vos sorties en ville comme pour vos<br \/>\nescapades estivales.<br \/>\nCaract\u00e9ristiques : TAZARINE<br \/>\n\uf0b7 Mati\u00e8re : raphia tress\u00e9 &amp; daim noir<br \/>\n\uf0b7 Finitions avec franges lat\u00e9rales<br \/>\n\uf0b7 Anses courtes + bandouli\u00e8re r\u00e9glable et amovible<br \/>\n\uf0b7 Fermeture par patte en daim<br \/>\n\uf0b7 Fabrication artisanale marocaine<br \/>\nCaract\u00e9ristiques : TIFAWIN<\/p>\n<p>\uf0b7 Mati\u00e8re : raphia tress\u00e9 &amp; daim bleu<br \/>\n\uf0b7 Finitions avec franges lat\u00e9rales<br \/>\n\uf0b7 Anses courtes + bandouli\u00e8re r\u00e9glable et amovible<br \/>\n\uf0b7 Fermeture par patte en daim<br \/>\n\uf0b7 Fabrication artisanale marocaine<\/p>","protected":false},"excerpt":{"rendered":"<p data-start=\"86\" data-end=\"173\">Sac en raphia naturel avec accents noirs, chic et artisanal.<\/p>","protected":false},"featured_media":11415,"template":"","meta":{"om_disable_all_campaigns":false,"_monsterinsights_skip_tracking":false,"_monsterinsights_sitenote_active":false,"_monsterinsights_sitenote_note":"","_monsterinsights_sitenote_category":0},"product_brand":[],"product_cat":[15],"product_tag":[],"class_list":{"0":"post-11440","1":"product","2":"type-product","3":"status-publish","4":"has-post-thumbnail","6":"product_cat-sacs-et-pochettes","8":"first","9":"instock","10":"sold-individually","11":"taxable","12":"shipping-taxable","13":"purchasable","14":"product-type-simple"},"aioseo_notices":[],"_links":{"self":[{"href":"https:\/\/artisan-all.com\/en\/wp-json\/wp\/v2\/product\/11440","targetHints":{"allow":["GET"]}}],"collection":[{"href":"https:\/\/artisan-all.com\/en\/wp-json\/wp\/v2\/product"}],"about":[{"href":"https:\/\/artisan-all.com\/en\/wp-json\/wp\/v2\/types\/product"}],"wp:featuredmedia":[{"embeddable":true,"href":"https:\/\/artisan-all.com\/en\/wp-json\/wp\/v2\/media\/11415"}],"wp:attachment":[{"href":"https:\/\/artisan-all.com\/en\/wp-json\/wp\/v2\/media?parent=11440"}],"wp:term":[{"taxonomy":"product_brand","embeddable":true,"href":"https:\/\/artisan-all.com\/en\/wp-json\/wp\/v2\/product_brand?post=11440"},{"taxonomy":"product_cat","embeddable":true,"href":"https:\/\/artisan-all.com\/en\/wp-json\/wp\/v2\/product_cat?post=11440"},{"taxonomy":"product_tag","embeddable":true,"href":"https:\/\/artisan-all.com\/en\/wp-json\/wp\/v2\/product_tag?post=11440"}],"curies":[{"name":"wp","href":"https:\/\/api.w.org\/{rel}","templated":true}]}}