{"id":11434,"date":"2025-06-12T14:35:28","date_gmt":"2025-06-12T14:35:28","guid":{"rendered":"https:\/\/artisan-all.com\/?post_type=product&#038;p=11434"},"modified":"2025-09-24T17:09:57","modified_gmt":"2025-09-24T17:09:57","slug":"sac-ovale-marron","status":"publish","type":"product","link":"https:\/\/artisan-all.com\/en\/product\/sac-ovale-marron\/","title":{"rendered":"SAVANNA (taille M)"},"content":{"rendered":"<p>\u00c9l\u00e9gant et intemporel, le sac SAVANNA en cuir marron et raphia Kuba beige et marron<br \/>\nincarne l\u2019alliance parfaite entre tradition artisanale et raffinement moderne. Fabriqu\u00e9 \u00e0 la<br \/>\nmain au Maroc, il s\u00e9duit par ses motifs g\u00e9om\u00e9triques discrets et ses finitions soign\u00e9es.<br \/>\nSes teintes naturelles en font un accessoire polyvalent, id\u00e9al aussi bien pour une tenue chic<br \/>\nque d\u00e9contract\u00e9e. Spacieux, confortable et raffin\u00e9, il se distingue par sa patte de fermeture<br \/>\navec anneau m\u00e9tallique et pompon en cuir.<br \/>\nD\u00e9tails :<br \/>\n\uf0b7 Mati\u00e8res : raphia de Kasa\u00ef et cuir Italien<br \/>\n\uf0b7 Fabrication : confectionn\u00e9 au Maroc<br \/>\n\uf0b7 Dimension : 36x24x14 cm<br \/>\nInt\u00e9rieur spacieux et pratique<\/p>","protected":false},"excerpt":{"rendered":"<p>\u00c9l\u00e9gant et intemporel, le sac SAVANNA en cuir marron et raphia Kuba beige et marron incarne l\u2019alliance parfaite entre tradition artisanale et raffinement moderne. Fabriqu\u00e9 \u00e0 la main au Maroc, il s\u00e9duit par ses motifs g\u00e9om\u00e9triques discrets et ses finitions soign\u00e9es. Ses teintes naturelles en font un accessoire polyvalent, id\u00e9al aussi bien pour une tenue [&hellip;]<\/p>","protected":false},"featured_media":11391,"template":"","meta":{"om_disable_all_campaigns":false,"_monsterinsights_skip_tracking":false,"_monsterinsights_sitenote_active":false,"_monsterinsights_sitenote_note":"","_monsterinsights_sitenote_category":0},"product_brand":[],"product_cat":[15],"product_tag":[],"class_list":{"0":"post-11434","1":"product","2":"type-product","3":"status-publish","4":"has-post-thumbnail","6":"product_cat-sacs-et-pochettes","8":"first","9":"instock","10":"sold-individually","11":"taxable","12":"shipping-taxable","13":"purchasable","14":"product-type-simple"},"aioseo_notices":[],"_links":{"self":[{"href":"https:\/\/artisan-all.com\/en\/wp-json\/wp\/v2\/product\/11434","targetHints":{"allow":["GET"]}}],"collection":[{"href":"https:\/\/artisan-all.com\/en\/wp-json\/wp\/v2\/product"}],"about":[{"href":"https:\/\/artisan-all.com\/en\/wp-json\/wp\/v2\/types\/product"}],"wp:featuredmedia":[{"embeddable":true,"href":"https:\/\/artisan-all.com\/en\/wp-json\/wp\/v2\/media\/11391"}],"wp:attachment":[{"href":"https:\/\/artisan-all.com\/en\/wp-json\/wp\/v2\/media?parent=11434"}],"wp:term":[{"taxonomy":"product_brand","embeddable":true,"href":"https:\/\/artisan-all.com\/en\/wp-json\/wp\/v2\/product_brand?post=11434"},{"taxonomy":"product_cat","embeddable":true,"href":"https:\/\/artisan-all.com\/en\/wp-json\/wp\/v2\/product_cat?post=11434"},{"taxonomy":"product_tag","embeddable":true,"href":"https:\/\/artisan-all.com\/en\/wp-json\/wp\/v2\/product_tag?post=11434"}],"curies":[{"name":"wp","href":"https:\/\/api.w.org\/{rel}","templated":true}]}}