{"id":11377,"date":"2025-06-12T10:33:58","date_gmt":"2025-06-12T10:33:58","guid":{"rendered":"https:\/\/artisan-all.com\/?post_type=product&#038;p=11377"},"modified":"2025-09-26T09:24:15","modified_gmt":"2025-09-26T09:24:15","slug":"sac-6","status":"publish","type":"product","link":"https:\/\/artisan-all.com\/en\/product\/sac-6\/","title":{"rendered":"KUBAIA (taille M)"},"content":{"rendered":"<p>Alliant tradition et modernit\u00e9, ce sac cabas est une pi\u00e8ce unique qui met en valeur le savoirfaire artisanal africain et marocain. Confectionn\u00e9 \u00e0 partir de raphia Kuba, un textile congolais<br \/>\nembl\u00e9matique aux motifs g\u00e9om\u00e9triques, et du cuir Italien, ce sac incarne \u00e9l\u00e9gance et<br \/>\nauthenticit\u00e9.<br \/>\nSa forme structur\u00e9e et ses anses solides en cuir en font un compagnon id\u00e9al pour le<br \/>\nquotidien : spacieux, r\u00e9sistant et raffin\u00e9. Chaque pi\u00e8ce est unique gr\u00e2ce aux variations<br \/>\nnaturelles du raphia Kuba, ce qui en fait bien plus qu\u2019un simple accessoire : une v\u00e9ritable<br \/>\n\u0153uvre artisanale.<br \/>\nD\u00e9tails :<br \/>\n\uf0b7 Mati\u00e8res : raphia Kuba et cuir Italien<br \/>\n\uf0b7 Fabrication : confectionn\u00e9 au Maroc<br \/>\n\uf0b7 Dimension : 34x30x15 cm<br \/>\nInt\u00e9rieur spacieux et pratique.<\/p>","protected":false},"excerpt":{"rendered":"<p>Sac Kaba artisanal, un symbole de savoir-faire.<\/p>","protected":false},"featured_media":10425,"template":"","meta":{"om_disable_all_campaigns":false,"_monsterinsights_skip_tracking":false,"_monsterinsights_sitenote_active":false,"_monsterinsights_sitenote_note":"","_monsterinsights_sitenote_category":0},"product_brand":[],"product_cat":[15],"product_tag":[],"class_list":{"0":"post-11377","1":"product","2":"type-product","3":"status-publish","4":"has-post-thumbnail","6":"product_cat-sacs-et-pochettes","8":"first","9":"instock","10":"sold-individually","11":"taxable","12":"shipping-taxable","13":"purchasable","14":"product-type-simple"},"aioseo_notices":[],"_links":{"self":[{"href":"https:\/\/artisan-all.com\/en\/wp-json\/wp\/v2\/product\/11377","targetHints":{"allow":["GET"]}}],"collection":[{"href":"https:\/\/artisan-all.com\/en\/wp-json\/wp\/v2\/product"}],"about":[{"href":"https:\/\/artisan-all.com\/en\/wp-json\/wp\/v2\/types\/product"}],"wp:featuredmedia":[{"embeddable":true,"href":"https:\/\/artisan-all.com\/en\/wp-json\/wp\/v2\/media\/10425"}],"wp:attachment":[{"href":"https:\/\/artisan-all.com\/en\/wp-json\/wp\/v2\/media?parent=11377"}],"wp:term":[{"taxonomy":"product_brand","embeddable":true,"href":"https:\/\/artisan-all.com\/en\/wp-json\/wp\/v2\/product_brand?post=11377"},{"taxonomy":"product_cat","embeddable":true,"href":"https:\/\/artisan-all.com\/en\/wp-json\/wp\/v2\/product_cat?post=11377"},{"taxonomy":"product_tag","embeddable":true,"href":"https:\/\/artisan-all.com\/en\/wp-json\/wp\/v2\/product_tag?post=11377"}],"curies":[{"name":"wp","href":"https:\/\/api.w.org\/{rel}","templated":true}]}}