{"id":11364,"date":"2025-06-10T12:22:34","date_gmt":"2025-06-10T12:22:34","guid":{"rendered":"https:\/\/artisan-all.com\/?post_type=product&#038;p=11364"},"modified":"2025-09-25T17:21:23","modified_gmt":"2025-09-25T17:21:23","slug":"abat-jour-3","status":"publish","type":"product","link":"https:\/\/artisan-all.com\/en\/product\/abat-jour-3\/","title":{"rendered":"Abat-jour Neema"},"content":{"rendered":"<p>Cette lampe unique est une cr\u00e9ation qui allie art traditionnel Congolais et Marocain avec un<br \/>\ndesign contemporain. Elle se compose d\u2019un pied sculpt\u00e9 en bois d\u2019\u00e9b\u00e8ne, repr\u00e9sentant un<br \/>\nbuste f\u00e9minin aux traits stylis\u00e9s et \u00e9l\u00e9gants, symbole de gr\u00e2ce et de sagesse. Le socle repose<br \/>\nsur une base circulaire m\u00ealant bois et laiton dor\u00e9, apportant stabilit\u00e9 et raffinement \u00e0<br \/>\nl\u2019ensemble.<br \/>\nL\u2019abat-jour est recouvert de raphia tiss\u00e9 \u00e0 la main, issu de l\u2019art textile Kuba du Kasa\u00ef (RDC),<br \/>\nconnu pour ses motifs g\u00e9om\u00e9triques graphiques et ses couleurs terreuses (ocre, beige, noir).<br \/>\nChaque motif raconte une histoire ou un symbole, rendant chaque pi\u00e8ce unique. Le tissu est<br \/>\ntendu sur une armature cylindrique, cr\u00e9ant un bel \u00e9quilibre entre textures naturelles et<br \/>\nfinitions soign\u00e9es.<br \/>\nL\u2019ensemble a \u00e9t\u00e9 assembl\u00e9 et mont\u00e9 au Maroc, par des artisans locaux, qui ont int\u00e9Cette lampe unique est une cr\u00e9ation qui allie art traditionnel Congolais et Marocain avec un<br \/>\ndesign contemporain. Elle se compose d\u2019un pied sculpt\u00e9 en bois d\u2019\u00e9b\u00e8ne, repr\u00e9sentant un<br \/>\nbuste f\u00e9minin aux traits stylis\u00e9s et \u00e9l\u00e9gants, symbole de gr\u00e2ce et de sagesse. Le socle repose<br \/>\nsur une base circulaire m\u00ealant bois et laiton dor\u00e9, apportant stabilit\u00e9 et raffinement \u00e0<br \/>\nl\u2019ensemble.<br \/>\nL\u2019abat-jour est recouvert de raphia tiss\u00e9 \u00e0 la main, issu de l\u2019art textile Kuba du Kasa\u00ef (RDC),<br \/>\nconnu pour ses motifs g\u00e9om\u00e9triques graphiques et ses couleurs terreuses (ocre, beige, noir).<br \/>\nChaque motif raconte une histoire ou un symbole, rendant chaque pi\u00e8ce unique. Le tissu est<br \/>\ntendu sur une armature cylindrique, cr\u00e9ant un bel \u00e9quilibre entre textures naturelles et<br \/>\nfinitions soign\u00e9es.<br \/>\nL\u2019ensemble a \u00e9t\u00e9 assembl\u00e9 et mont\u00e9 au Maroc, par des artisans locaux, qui ont int\u00e9gr\u00e9 ces<br \/>\n\u00e9l\u00e9ments dans une structure en laiton dor\u00e9 et bois, alliant robustesse et \u00e9l\u00e9gance<br \/>\ncontemporaine.<br \/>\nCette lampe fonctionne avec une ampoule standard E27 (non fournie) et un c\u00e2ble \u00e9lectrique<br \/>\nnoir avec interrupteur conforme aux normes.<br \/>\n\u2e3b<br \/>\nCaract\u00e9ristiques :<br \/>\n* Mat\u00e9riaux : bois d\u2019\u00e9b\u00e8ne, laiton, bois, raphia Kuba<br \/>\n* Origine : R\u00e9publique D\u00e9mocratique du Congo (base sculpt\u00e9e), tissu Kuba (Kasa\u00ef), Maroc<br \/>\n(composition de la lampe)<br \/>\n* Hauteur totale : 48 cm<br \/>\n* Abat-jour : diam\u00e8tre 25 cm<br \/>\n* Syst\u00e8me \u00e9lectrique : c\u00e2ble noir avec interrupteur, ampoule E27<br \/>\n* Pi\u00e8ce unique \u2013 fabrication artisanale<\/p>","protected":false},"excerpt":{"rendered":"<p data-start=\"1012\" data-end=\"1090\">Abat-jour fait main, en fibres naturelles, pour une lumi\u00e8re douce et agr\u00e9able.<\/p>\n<h3 data-start=\"1092\" data-end=\"1118\"><\/h3>","protected":false},"featured_media":11350,"template":"","meta":{"om_disable_all_campaigns":false,"_monsterinsights_skip_tracking":false,"_monsterinsights_sitenote_active":false,"_monsterinsights_sitenote_note":"","_monsterinsights_sitenote_category":0},"product_brand":[],"product_cat":[77],"product_tag":[],"class_list":{"0":"post-11364","1":"product","2":"type-product","3":"status-publish","4":"has-post-thumbnail","6":"product_cat-abat-jour","8":"first","9":"instock","10":"taxable","11":"shipping-taxable","12":"purchasable","13":"product-type-simple"},"aioseo_notices":[],"_links":{"self":[{"href":"https:\/\/artisan-all.com\/en\/wp-json\/wp\/v2\/product\/11364","targetHints":{"allow":["GET"]}}],"collection":[{"href":"https:\/\/artisan-all.com\/en\/wp-json\/wp\/v2\/product"}],"about":[{"href":"https:\/\/artisan-all.com\/en\/wp-json\/wp\/v2\/types\/product"}],"wp:featuredmedia":[{"embeddable":true,"href":"https:\/\/artisan-all.com\/en\/wp-json\/wp\/v2\/media\/11350"}],"wp:attachment":[{"href":"https:\/\/artisan-all.com\/en\/wp-json\/wp\/v2\/media?parent=11364"}],"wp:term":[{"taxonomy":"product_brand","embeddable":true,"href":"https:\/\/artisan-all.com\/en\/wp-json\/wp\/v2\/product_brand?post=11364"},{"taxonomy":"product_cat","embeddable":true,"href":"https:\/\/artisan-all.com\/en\/wp-json\/wp\/v2\/product_cat?post=11364"},{"taxonomy":"product_tag","embeddable":true,"href":"https:\/\/artisan-all.com\/en\/wp-json\/wp\/v2\/product_tag?post=11364"}],"curies":[{"name":"wp","href":"https:\/\/api.w.org\/{rel}","templated":true}]}}