{"id":11333,"date":"2025-06-10T09:33:06","date_gmt":"2025-06-10T09:33:06","guid":{"rendered":"https:\/\/artisan-all.com\/?post_type=product&#038;p=11333"},"modified":"2025-09-25T16:15:10","modified_gmt":"2025-09-25T16:15:10","slug":"kadi","status":"publish","type":"product","link":"https:\/\/artisan-all.com\/en\/product\/kadi\/","title":{"rendered":"KADI"},"content":{"rendered":"<p data-start=\"641\" data-end=\"1022\">Cette sculpture humaine en bois \u00e9voque la posture int\u00e9rieure : celle du calme, de l\u2019ancrage, de la conscience. Chaque courbe, chaque creux sculpt\u00e9 \u00e0 la main raconte la pr\u00e9sence, l\u2019instant, le lien entre corps et esprit. Une \u0153uvre parfaite pour un espace de m\u00e9ditation ou une ambiance zen.<\/p>","protected":false},"excerpt":{"rendered":"<p>Silhouette en bois, incarnation de l\u2019\u00eatre et de l\u2019\u00e9quilibre.<\/p>","protected":false},"featured_media":11356,"template":"","meta":{"om_disable_all_campaigns":false,"_monsterinsights_skip_tracking":false,"_monsterinsights_sitenote_active":false,"_monsterinsights_sitenote_note":"","_monsterinsights_sitenote_category":0},"product_brand":[],"product_cat":[64,76],"product_tag":[],"class_list":{"0":"post-11333","1":"product","2":"type-product","3":"status-publish","4":"has-post-thumbnail","6":"product_cat-decos","7":"product_cat-statues-en-bois","9":"first","10":"instock","11":"sold-individually","12":"taxable","13":"shipping-taxable","14":"purchasable","15":"product-type-simple"},"aioseo_notices":[],"_links":{"self":[{"href":"https:\/\/artisan-all.com\/en\/wp-json\/wp\/v2\/product\/11333","targetHints":{"allow":["GET"]}}],"collection":[{"href":"https:\/\/artisan-all.com\/en\/wp-json\/wp\/v2\/product"}],"about":[{"href":"https:\/\/artisan-all.com\/en\/wp-json\/wp\/v2\/types\/product"}],"wp:featuredmedia":[{"embeddable":true,"href":"https:\/\/artisan-all.com\/en\/wp-json\/wp\/v2\/media\/11356"}],"wp:attachment":[{"href":"https:\/\/artisan-all.com\/en\/wp-json\/wp\/v2\/media?parent=11333"}],"wp:term":[{"taxonomy":"product_brand","embeddable":true,"href":"https:\/\/artisan-all.com\/en\/wp-json\/wp\/v2\/product_brand?post=11333"},{"taxonomy":"product_cat","embeddable":true,"href":"https:\/\/artisan-all.com\/en\/wp-json\/wp\/v2\/product_cat?post=11333"},{"taxonomy":"product_tag","embeddable":true,"href":"https:\/\/artisan-all.com\/en\/wp-json\/wp\/v2\/product_tag?post=11333"}],"curies":[{"name":"wp","href":"https:\/\/api.w.org\/{rel}","templated":true}]}}