{"id":11315,"date":"2025-06-10T09:29:34","date_gmt":"2025-06-10T09:29:34","guid":{"rendered":"https:\/\/artisan-all.com\/?post_type=product&#038;p=11315"},"modified":"2025-08-15T10:07:57","modified_gmt":"2025-08-15T10:07:57","slug":"bracelet-42","status":"publish","type":"product","link":"https:\/\/artisan-all.com\/en\/product\/bracelet-42\/","title":{"rendered":"TIGLAVA (pierre de lave et \u0153il de tigre)"},"content":{"rendered":"<p>Ce bracelet artisanal associe des perles marron chaleureuses \u00e0 un pendentif rectangulaire assorti, cr\u00e9ant un ensemble harmonieux et \u00e9l\u00e9gant. Les teintes terreuses \u00e9voquent la stabilit\u00e9, la simplicit\u00e9 et le lien \u00e0 la nature. Mont\u00e9 \u00e0 la main, ce bijou au design minimaliste et authentique s\u2019adapte aussi bien \u00e0 un look d\u00e9contract\u00e9 qu\u2019\u00e0 une tenue plus raffin\u00e9e.<\/p>","protected":false},"excerpt":{"rendered":"<p data-start=\"122\" data-end=\"222\">Bracelet en perles marron avec pendentif rectangulaire, sobre et naturel.<\/p>","protected":false},"featured_media":11337,"template":"","meta":{"om_disable_all_campaigns":false,"_monsterinsights_skip_tracking":false,"_monsterinsights_sitenote_active":false,"_monsterinsights_sitenote_note":"","_monsterinsights_sitenote_category":0},"product_brand":[],"product_cat":[63,73],"product_tag":[],"class_list":{"0":"post-11315","1":"product","2":"type-product","3":"status-publish","4":"has-post-thumbnail","6":"product_cat-bijoux","7":"product_cat-bracelets","9":"first","10":"instock","11":"sold-individually","12":"taxable","13":"shipping-taxable","14":"purchasable","15":"product-type-simple"},"aioseo_notices":[],"_links":{"self":[{"href":"https:\/\/artisan-all.com\/en\/wp-json\/wp\/v2\/product\/11315","targetHints":{"allow":["GET"]}}],"collection":[{"href":"https:\/\/artisan-all.com\/en\/wp-json\/wp\/v2\/product"}],"about":[{"href":"https:\/\/artisan-all.com\/en\/wp-json\/wp\/v2\/types\/product"}],"wp:featuredmedia":[{"embeddable":true,"href":"https:\/\/artisan-all.com\/en\/wp-json\/wp\/v2\/media\/11337"}],"wp:attachment":[{"href":"https:\/\/artisan-all.com\/en\/wp-json\/wp\/v2\/media?parent=11315"}],"wp:term":[{"taxonomy":"product_brand","embeddable":true,"href":"https:\/\/artisan-all.com\/en\/wp-json\/wp\/v2\/product_brand?post=11315"},{"taxonomy":"product_cat","embeddable":true,"href":"https:\/\/artisan-all.com\/en\/wp-json\/wp\/v2\/product_cat?post=11315"},{"taxonomy":"product_tag","embeddable":true,"href":"https:\/\/artisan-all.com\/en\/wp-json\/wp\/v2\/product_tag?post=11315"}],"curies":[{"name":"wp","href":"https:\/\/api.w.org\/{rel}","templated":true}]}}