{"id":11310,"date":"2025-06-10T09:25:58","date_gmt":"2025-06-10T09:25:58","guid":{"rendered":"https:\/\/artisan-all.com\/?post_type=product&#038;p=11310"},"modified":"2025-06-25T14:01:18","modified_gmt":"2025-06-25T14:01:18","slug":"sofia-bleu-jade-bleu","status":"publish","type":"product","link":"https:\/\/artisan-all.com\/en\/product\/sofia-bleu-jade-bleu\/","title":{"rendered":"SOFIA BLEU (jade bleu)"},"content":{"rendered":"<p data-start=\"189\" data-end=\"639\">Ce bracelet artisanal en jade bleu incarne la paix int\u00e9rieure et la clart\u00e9 d\u2019esprit. Chaque pierre, aux reflets doux et l\u00e9g\u00e8rement translucides, est minutieusement polie et mont\u00e9e \u00e0 la main pour cr\u00e9er un bijou apaisant et raffin\u00e9. Le jade bleu est reconnu pour favoriser la tranquillit\u00e9, l\u2019intuition et l\u2019\u00e9quilibre \u00e9motionnel. Un accessoire aussi esth\u00e9tique que spirituel, \u00e0 porter comme un talisman de calme et d\u2019\u00e9l\u00e9gance.<\/p>","protected":false},"excerpt":{"rendered":"<p data-start=\"91\" data-end=\"182\">Bracelet en jade bleu fait main, s\u00e9r\u00e9nit\u00e9 et \u00e9l\u00e9gance naturelle.<\/p>","protected":false},"featured_media":10950,"template":"","meta":{"om_disable_all_campaigns":false,"_monsterinsights_skip_tracking":false,"_monsterinsights_sitenote_active":false,"_monsterinsights_sitenote_note":"","_monsterinsights_sitenote_category":0},"product_brand":[],"product_cat":[63,73],"product_tag":[],"class_list":{"0":"post-11310","1":"product","2":"type-product","3":"status-publish","4":"has-post-thumbnail","6":"product_cat-bijoux","7":"product_cat-bracelets","9":"first","10":"instock","11":"sold-individually","12":"taxable","13":"shipping-taxable","14":"purchasable","15":"product-type-simple"},"aioseo_notices":[],"_links":{"self":[{"href":"https:\/\/artisan-all.com\/en\/wp-json\/wp\/v2\/product\/11310","targetHints":{"allow":["GET"]}}],"collection":[{"href":"https:\/\/artisan-all.com\/en\/wp-json\/wp\/v2\/product"}],"about":[{"href":"https:\/\/artisan-all.com\/en\/wp-json\/wp\/v2\/types\/product"}],"wp:featuredmedia":[{"embeddable":true,"href":"https:\/\/artisan-all.com\/en\/wp-json\/wp\/v2\/media\/10950"}],"wp:attachment":[{"href":"https:\/\/artisan-all.com\/en\/wp-json\/wp\/v2\/media?parent=11310"}],"wp:term":[{"taxonomy":"product_brand","embeddable":true,"href":"https:\/\/artisan-all.com\/en\/wp-json\/wp\/v2\/product_brand?post=11310"},{"taxonomy":"product_cat","embeddable":true,"href":"https:\/\/artisan-all.com\/en\/wp-json\/wp\/v2\/product_cat?post=11310"},{"taxonomy":"product_tag","embeddable":true,"href":"https:\/\/artisan-all.com\/en\/wp-json\/wp\/v2\/product_tag?post=11310"}],"curies":[{"name":"wp","href":"https:\/\/api.w.org\/{rel}","templated":true}]}}