{"id":11304,"date":"2025-06-10T09:16:41","date_gmt":"2025-06-10T09:16:41","guid":{"rendered":"https:\/\/artisan-all.com\/?post_type=product&#038;p=11304"},"modified":"2025-09-26T12:42:38","modified_gmt":"2025-09-26T12:42:38","slug":"bracelet-34","status":"publish","type":"product","link":"https:\/\/artisan-all.com\/en\/product\/bracelet-34\/","title":{"rendered":"MANAR SILVER AND GOLD"},"content":{"rendered":"<p>MANAR SILVER AND GOLD Original et \u00e9quilibr\u00e9 avec un m\u00e9lange argent\/dor\u00e9, \u00c9pur\u00e9 et<br \/>\ncontemporain, ce bracelet est compos\u00e9 de trois fils de soie v\u00e9g\u00e9tale marocaine, r\u00e9unis par une<br \/>\nfermeture ajustable coulissante. Chaque fil est d\u00e9licatement tress\u00e9, cr\u00e9ant un jeu de textures simple<br \/>\nmais raffin\u00e9. Leur design minimaliste leur permet de se porter seuls ou superpos\u00e9s.<br \/>\nDetails :<br \/>\n* Mati\u00e8re : 100 % soie v\u00e9g\u00e9tale marocaine<br \/>\n* Couleur : SILVER AND GOLD<br \/>\n* Fermeture : Cordon coulissant ajustable<br \/>\n* Fabrication artisanale<br \/>\n* Pi\u00e8ce unique<\/p>","protected":false},"excerpt":{"rendered":"<p>Bijou artisanal, expression d\u2019un travail passionn\u00e9.<\/p>","protected":false},"featured_media":10901,"template":"","meta":{"om_disable_all_campaigns":false,"_monsterinsights_skip_tracking":false,"_monsterinsights_sitenote_active":false,"_monsterinsights_sitenote_note":"","_monsterinsights_sitenote_category":0},"product_brand":[],"product_cat":[63,73],"product_tag":[],"class_list":{"0":"post-11304","1":"product","2":"type-product","3":"status-publish","4":"has-post-thumbnail","6":"product_cat-bijoux","7":"product_cat-bracelets","9":"first","10":"instock","11":"sold-individually","12":"taxable","13":"shipping-taxable","14":"purchasable","15":"product-type-simple"},"aioseo_notices":[],"_links":{"self":[{"href":"https:\/\/artisan-all.com\/en\/wp-json\/wp\/v2\/product\/11304","targetHints":{"allow":["GET"]}}],"collection":[{"href":"https:\/\/artisan-all.com\/en\/wp-json\/wp\/v2\/product"}],"about":[{"href":"https:\/\/artisan-all.com\/en\/wp-json\/wp\/v2\/types\/product"}],"wp:featuredmedia":[{"embeddable":true,"href":"https:\/\/artisan-all.com\/en\/wp-json\/wp\/v2\/media\/10901"}],"wp:attachment":[{"href":"https:\/\/artisan-all.com\/en\/wp-json\/wp\/v2\/media?parent=11304"}],"wp:term":[{"taxonomy":"product_brand","embeddable":true,"href":"https:\/\/artisan-all.com\/en\/wp-json\/wp\/v2\/product_brand?post=11304"},{"taxonomy":"product_cat","embeddable":true,"href":"https:\/\/artisan-all.com\/en\/wp-json\/wp\/v2\/product_cat?post=11304"},{"taxonomy":"product_tag","embeddable":true,"href":"https:\/\/artisan-all.com\/en\/wp-json\/wp\/v2\/product_tag?post=11304"}],"curies":[{"name":"wp","href":"https:\/\/api.w.org\/{rel}","templated":true}]}}