{"id":11303,"date":"2025-06-10T09:15:08","date_gmt":"2025-06-10T09:15:08","guid":{"rendered":"https:\/\/artisan-all.com\/?post_type=product&#038;p=11303"},"modified":"2025-06-25T14:25:04","modified_gmt":"2025-06-25T14:25:04","slug":"eva-rose-quartz-rose-et-khmissa","status":"publish","type":"product","link":"https:\/\/artisan-all.com\/en\/product\/eva-rose-quartz-rose-et-khmissa\/","title":{"rendered":"EVA ROSE ( quartz rose et khmissa)"},"content":{"rendered":"<p>Le bracelet <em data-start=\"277\" data-end=\"287\">EVA ROSE<\/em> associe l\u2019\u00e9nergie apaisante du quartz rose \u00e0 la symbolique protectrice de la Khmissa (main de Fatma). Chaque perle de quartz rose, pierre de l\u2019amour et de la tendresse, est polie \u00e0 la main pour r\u00e9v\u00e9ler toute sa douceur. Le pendentif Khmissa, d\u00e9licatement int\u00e9gr\u00e9, ajoute une dimension spirituelle et bienveillante \u00e0 ce bijou. Con\u00e7u avec soin, ce bracelet artisanal allie charme, f\u00e9minit\u00e9 et protection dans un design raffin\u00e9 et intemporel.<\/p>","protected":false},"excerpt":{"rendered":"<p data-start=\"127\" data-end=\"231\">Bracelet EVA ROSE en quartz rose avec Khmissa, douceur et protection r\u00e9unies.<\/p>","protected":false},"featured_media":11730,"template":"","meta":{"om_disable_all_campaigns":false,"_monsterinsights_skip_tracking":false,"_monsterinsights_sitenote_active":false,"_monsterinsights_sitenote_note":"","_monsterinsights_sitenote_category":0},"product_brand":[],"product_cat":[63,73],"product_tag":[],"class_list":{"0":"post-11303","1":"product","2":"type-product","3":"status-publish","4":"has-post-thumbnail","6":"product_cat-bijoux","7":"product_cat-bracelets","9":"first","10":"instock","11":"sold-individually","12":"taxable","13":"shipping-taxable","14":"purchasable","15":"product-type-simple"},"aioseo_notices":[],"_links":{"self":[{"href":"https:\/\/artisan-all.com\/en\/wp-json\/wp\/v2\/product\/11303","targetHints":{"allow":["GET"]}}],"collection":[{"href":"https:\/\/artisan-all.com\/en\/wp-json\/wp\/v2\/product"}],"about":[{"href":"https:\/\/artisan-all.com\/en\/wp-json\/wp\/v2\/types\/product"}],"wp:featuredmedia":[{"embeddable":true,"href":"https:\/\/artisan-all.com\/en\/wp-json\/wp\/v2\/media\/11730"}],"wp:attachment":[{"href":"https:\/\/artisan-all.com\/en\/wp-json\/wp\/v2\/media?parent=11303"}],"wp:term":[{"taxonomy":"product_brand","embeddable":true,"href":"https:\/\/artisan-all.com\/en\/wp-json\/wp\/v2\/product_brand?post=11303"},{"taxonomy":"product_cat","embeddable":true,"href":"https:\/\/artisan-all.com\/en\/wp-json\/wp\/v2\/product_cat?post=11303"},{"taxonomy":"product_tag","embeddable":true,"href":"https:\/\/artisan-all.com\/en\/wp-json\/wp\/v2\/product_tag?post=11303"}],"curies":[{"name":"wp","href":"https:\/\/api.w.org\/{rel}","templated":true}]}}