{"id":11295,"date":"2025-06-10T09:02:10","date_gmt":"2025-06-10T09:02:10","guid":{"rendered":"https:\/\/artisan-all.com\/?post_type=product&#038;p=11295"},"modified":"2025-09-26T12:32:57","modified_gmt":"2025-09-26T12:32:57","slug":"bracelet-27","status":"publish","type":"product","link":"https:\/\/artisan-all.com\/en\/product\/bracelet-27\/","title":{"rendered":"AYA"},"content":{"rendered":"<p>Pur et lumineux, le bracelet AYA incarne la simplicit\u00e9 raffin\u00e9e. Enti\u00e8rement tiss\u00e9 \u00e0 la main \u00e0 partir de<br \/>\nsoie v\u00e9g\u00e9tale marocaine, il arbore une teinte argent\u00e9e \u00e9l\u00e9gante, parfaite pour sublimer votre poignet<br \/>\nau quotidien ou en soir\u00e9e.<br \/>\nSon motif d\u00e9licat en chevrons et sa fermeture coulissante ajustable en font un accessoire \u00e0 la fois<br \/>\npratique et sophistiqu\u00e9.<br \/>\n* Mati\u00e8re : 100 % soie v\u00e9g\u00e9tale marocaine<br \/>\n* Couleur : SILVER<br \/>\n* Fermeture : Cordon coulissant ajustable<br \/>\n* Fabrication artisanale<br \/>\n* Pi\u00e8ce unique<\/p>","protected":false},"excerpt":{"rendered":"<p>Bracelet artisanal fait main, unique et \u00e9l\u00e9gant.<\/p>","protected":false},"featured_media":10874,"template":"","meta":{"om_disable_all_campaigns":false,"_monsterinsights_skip_tracking":false,"_monsterinsights_sitenote_active":false,"_monsterinsights_sitenote_note":"","_monsterinsights_sitenote_category":0},"product_brand":[],"product_cat":[63,73],"product_tag":[],"class_list":{"0":"post-11295","1":"product","2":"type-product","3":"status-publish","4":"has-post-thumbnail","6":"product_cat-bijoux","7":"product_cat-bracelets","9":"first","10":"instock","11":"sold-individually","12":"taxable","13":"shipping-taxable","14":"purchasable","15":"product-type-simple"},"aioseo_notices":[],"_links":{"self":[{"href":"https:\/\/artisan-all.com\/en\/wp-json\/wp\/v2\/product\/11295","targetHints":{"allow":["GET"]}}],"collection":[{"href":"https:\/\/artisan-all.com\/en\/wp-json\/wp\/v2\/product"}],"about":[{"href":"https:\/\/artisan-all.com\/en\/wp-json\/wp\/v2\/types\/product"}],"wp:featuredmedia":[{"embeddable":true,"href":"https:\/\/artisan-all.com\/en\/wp-json\/wp\/v2\/media\/10874"}],"wp:attachment":[{"href":"https:\/\/artisan-all.com\/en\/wp-json\/wp\/v2\/media?parent=11295"}],"wp:term":[{"taxonomy":"product_brand","embeddable":true,"href":"https:\/\/artisan-all.com\/en\/wp-json\/wp\/v2\/product_brand?post=11295"},{"taxonomy":"product_cat","embeddable":true,"href":"https:\/\/artisan-all.com\/en\/wp-json\/wp\/v2\/product_cat?post=11295"},{"taxonomy":"product_tag","embeddable":true,"href":"https:\/\/artisan-all.com\/en\/wp-json\/wp\/v2\/product_tag?post=11295"}],"curies":[{"name":"wp","href":"https:\/\/api.w.org\/{rel}","templated":true}]}}