{"id":11294,"date":"2025-06-10T09:00:53","date_gmt":"2025-06-10T09:00:53","guid":{"rendered":"https:\/\/artisan-all.com\/?post_type=product&#038;p=11294"},"modified":"2025-08-15T09:56:12","modified_gmt":"2025-08-15T09:56:12","slug":"bracelet-26","status":"publish","type":"product","link":"https:\/\/artisan-all.com\/en\/product\/bracelet-26\/","title":{"rendered":"VOLKAN (pierre de lave et acier inoxydable)"},"content":{"rendered":"<p>Ce bracelet en perles noires, enti\u00e8rement mont\u00e9 \u00e0 la main, incarne l\u2019\u00e9l\u00e9gance minimaliste et la force tranquille. Les perles sombres, brillantes ou mates selon les finitions, cr\u00e9ent un bijou discret mais affirm\u00e9. Facile \u00e0 porter au quotidien comme en soir\u00e9e, il s\u2019adapte \u00e0 tous les styles et symbolise la protection, la sobri\u00e9t\u00e9 et la confiance. Un classique revisit\u00e9 avec finesse et authenticit\u00e9.<\/p>","protected":false},"excerpt":{"rendered":"<p data-start=\"95\" data-end=\"179\">Bracelet en perles noires fait main, sobre et intemporel.<\/p>","protected":false},"featured_media":10968,"template":"","meta":{"om_disable_all_campaigns":false,"_monsterinsights_skip_tracking":false,"_monsterinsights_sitenote_active":false,"_monsterinsights_sitenote_note":"","_monsterinsights_sitenote_category":0},"product_brand":[],"product_cat":[63,73],"product_tag":[],"class_list":{"0":"post-11294","1":"product","2":"type-product","3":"status-publish","4":"has-post-thumbnail","6":"product_cat-bijoux","7":"product_cat-bracelets","9":"first","10":"instock","11":"sold-individually","12":"taxable","13":"shipping-taxable","14":"purchasable","15":"product-type-simple"},"aioseo_notices":[],"_links":{"self":[{"href":"https:\/\/artisan-all.com\/en\/wp-json\/wp\/v2\/product\/11294","targetHints":{"allow":["GET"]}}],"collection":[{"href":"https:\/\/artisan-all.com\/en\/wp-json\/wp\/v2\/product"}],"about":[{"href":"https:\/\/artisan-all.com\/en\/wp-json\/wp\/v2\/types\/product"}],"wp:featuredmedia":[{"embeddable":true,"href":"https:\/\/artisan-all.com\/en\/wp-json\/wp\/v2\/media\/10968"}],"wp:attachment":[{"href":"https:\/\/artisan-all.com\/en\/wp-json\/wp\/v2\/media?parent=11294"}],"wp:term":[{"taxonomy":"product_brand","embeddable":true,"href":"https:\/\/artisan-all.com\/en\/wp-json\/wp\/v2\/product_brand?post=11294"},{"taxonomy":"product_cat","embeddable":true,"href":"https:\/\/artisan-all.com\/en\/wp-json\/wp\/v2\/product_cat?post=11294"},{"taxonomy":"product_tag","embeddable":true,"href":"https:\/\/artisan-all.com\/en\/wp-json\/wp\/v2\/product_tag?post=11294"}],"curies":[{"name":"wp","href":"https:\/\/api.w.org\/{rel}","templated":true}]}}