{"id":11291,"date":"2025-06-10T08:55:47","date_gmt":"2025-06-10T08:55:47","guid":{"rendered":"https:\/\/artisan-all.com\/?post_type=product&#038;p=11291"},"modified":"2025-06-25T13:57:52","modified_gmt":"2025-06-25T13:57:52","slug":"sofia-rouge-agate-rouge","status":"publish","type":"product","link":"https:\/\/artisan-all.com\/en\/product\/sofia-rouge-agate-rouge\/","title":{"rendered":"SOFIA ROUGE (agate rouge)"},"content":{"rendered":"<p>Ce bracelet fait main met \u00e0 l\u2019honneur l\u2019agate rouge, une pierre naturelle connue pour sa teinte profonde et ses reflets flamboyants. Chaque perle est s\u00e9lectionn\u00e9e avec soin, puis assembl\u00e9e artisanalement pour cr\u00e9er un bijou \u00e0 la fois simple, puissant et \u00e9l\u00e9gant. Id\u00e9al pour celles et ceux qui aiment les accessoires authentiques porteurs de sens et de style.<\/p>","protected":false},"excerpt":{"rendered":"<p data-start=\"113\" data-end=\"207\">Bracelet en agate rouge fait main, chaleur et caract\u00e8re au poignet.<\/p>","protected":false},"featured_media":10917,"template":"","meta":{"om_disable_all_campaigns":false,"_monsterinsights_skip_tracking":false,"_monsterinsights_sitenote_active":false,"_monsterinsights_sitenote_note":"","_monsterinsights_sitenote_category":0},"product_brand":[],"product_cat":[63,73],"product_tag":[],"class_list":{"0":"post-11291","1":"product","2":"type-product","3":"status-publish","4":"has-post-thumbnail","6":"product_cat-bijoux","7":"product_cat-bracelets","9":"first","10":"instock","11":"sold-individually","12":"taxable","13":"shipping-taxable","14":"purchasable","15":"product-type-simple"},"aioseo_notices":[],"_links":{"self":[{"href":"https:\/\/artisan-all.com\/en\/wp-json\/wp\/v2\/product\/11291","targetHints":{"allow":["GET"]}}],"collection":[{"href":"https:\/\/artisan-all.com\/en\/wp-json\/wp\/v2\/product"}],"about":[{"href":"https:\/\/artisan-all.com\/en\/wp-json\/wp\/v2\/types\/product"}],"wp:featuredmedia":[{"embeddable":true,"href":"https:\/\/artisan-all.com\/en\/wp-json\/wp\/v2\/media\/10917"}],"wp:attachment":[{"href":"https:\/\/artisan-all.com\/en\/wp-json\/wp\/v2\/media?parent=11291"}],"wp:term":[{"taxonomy":"product_brand","embeddable":true,"href":"https:\/\/artisan-all.com\/en\/wp-json\/wp\/v2\/product_brand?post=11291"},{"taxonomy":"product_cat","embeddable":true,"href":"https:\/\/artisan-all.com\/en\/wp-json\/wp\/v2\/product_cat?post=11291"},{"taxonomy":"product_tag","embeddable":true,"href":"https:\/\/artisan-all.com\/en\/wp-json\/wp\/v2\/product_tag?post=11291"}],"curies":[{"name":"wp","href":"https:\/\/api.w.org\/{rel}","templated":true}]}}