{"id":11288,"date":"2025-06-10T08:52:48","date_gmt":"2025-06-10T08:52:48","guid":{"rendered":"https:\/\/artisan-all.com\/?post_type=product&#038;p=11288"},"modified":"2025-08-15T09:55:01","modified_gmt":"2025-08-15T09:55:01","slug":"bracelet-20","status":"publish","type":"product","link":"https:\/\/artisan-all.com\/en\/product\/bracelet-20\/","title":{"rendered":"KIVU (pierre de lave et howlite )"},"content":{"rendered":"<p data-start=\"223\" data-end=\"671\">Ce bracelet artisanal m\u00eale la chaleur des perles marron \u00e0 la douceur presque blanche des perles rose clair, cr\u00e9ant un \u00e9quilibre subtil et raffin\u00e9. Chaque perle est s\u00e9lectionn\u00e9e et assembl\u00e9e \u00e0 la main pour offrir un bijou unique, qui allie naturel et d\u00e9licatesse. Parfait pour celles et ceux qui aiment les accessoires discrets mais pleins de charme, ce bracelet apporte une touche d\u2019\u00e9l\u00e9gance discr\u00e8te \u00e0 toutes vos tenues.<\/p>","protected":false},"excerpt":{"rendered":"<p data-start=\"122\" data-end=\"216\">Bracelet en perles marron et rose clair, contraste doux et \u00e9l\u00e9gant.<\/p>","protected":false},"featured_media":10965,"template":"","meta":{"om_disable_all_campaigns":false,"_monsterinsights_skip_tracking":false,"_monsterinsights_sitenote_active":false,"_monsterinsights_sitenote_note":"","_monsterinsights_sitenote_category":0},"product_brand":[],"product_cat":[63,73],"product_tag":[],"class_list":{"0":"post-11288","1":"product","2":"type-product","3":"status-publish","4":"has-post-thumbnail","6":"product_cat-bijoux","7":"product_cat-bracelets","9":"first","10":"instock","11":"sold-individually","12":"taxable","13":"shipping-taxable","14":"purchasable","15":"product-type-simple"},"aioseo_notices":[],"_links":{"self":[{"href":"https:\/\/artisan-all.com\/en\/wp-json\/wp\/v2\/product\/11288","targetHints":{"allow":["GET"]}}],"collection":[{"href":"https:\/\/artisan-all.com\/en\/wp-json\/wp\/v2\/product"}],"about":[{"href":"https:\/\/artisan-all.com\/en\/wp-json\/wp\/v2\/types\/product"}],"wp:featuredmedia":[{"embeddable":true,"href":"https:\/\/artisan-all.com\/en\/wp-json\/wp\/v2\/media\/10965"}],"wp:attachment":[{"href":"https:\/\/artisan-all.com\/en\/wp-json\/wp\/v2\/media?parent=11288"}],"wp:term":[{"taxonomy":"product_brand","embeddable":true,"href":"https:\/\/artisan-all.com\/en\/wp-json\/wp\/v2\/product_brand?post=11288"},{"taxonomy":"product_cat","embeddable":true,"href":"https:\/\/artisan-all.com\/en\/wp-json\/wp\/v2\/product_cat?post=11288"},{"taxonomy":"product_tag","embeddable":true,"href":"https:\/\/artisan-all.com\/en\/wp-json\/wp\/v2\/product_tag?post=11288"}],"curies":[{"name":"wp","href":"https:\/\/api.w.org\/{rel}","templated":true}]}}