{"id":11251,"date":"2025-06-10T08:11:35","date_gmt":"2025-06-10T08:11:35","guid":{"rendered":"https:\/\/artisan-all.com\/?post_type=product&#038;p=11251"},"modified":"2025-09-26T12:35:28","modified_gmt":"2025-09-26T12:35:28","slug":"bracelet-12","status":"publish","type":"product","link":"https:\/\/artisan-all.com\/en\/product\/bracelet-12\/","title":{"rendered":"MAYA"},"content":{"rendered":"<p>Le bracelet MAYA capture la chaleur du soleil marocain dans un tressage de soie v\u00e9g\u00e9tale dor\u00e9 et<br \/>\nargent\u00e9. Lumineux, intemporel et l\u00e9ger, il habille votre poignet d\u2019un \u00e9clat raffin\u00e9 sans en faire trop.<br \/>\nParfait seul ou combin\u00e9 avec d\u2019autres couleurs, c\u2019est un indispensable de la collection MAYA pour<br \/>\ncelles et ceux en qu\u00eate de discr\u00e9tion pr\u00e9cieuse.<br \/>\n* Mati\u00e8re : 100 % soie v\u00e9g\u00e9tale marocaine<br \/>\n* Couleur : SILVER AND GOLD<br \/>\n* Fermeture : Cordon coulissant ajustable<br \/>\n* Fabrication artisanale<br \/>\n* Pi\u00e8ce unique<\/p>","protected":false},"excerpt":{"rendered":"<p>Bracelet artisanal unique, expression de savoir-faire traditionnel.<\/p>","protected":false},"featured_media":10876,"template":"","meta":{"om_disable_all_campaigns":false,"_monsterinsights_skip_tracking":false,"_monsterinsights_sitenote_active":false,"_monsterinsights_sitenote_note":"","_monsterinsights_sitenote_category":0},"product_brand":[],"product_cat":[63,73],"product_tag":[],"class_list":{"0":"post-11251","1":"product","2":"type-product","3":"status-publish","4":"has-post-thumbnail","6":"product_cat-bijoux","7":"product_cat-bracelets","9":"first","10":"instock","11":"sold-individually","12":"taxable","13":"shipping-taxable","14":"purchasable","15":"product-type-simple"},"aioseo_notices":[],"_links":{"self":[{"href":"https:\/\/artisan-all.com\/en\/wp-json\/wp\/v2\/product\/11251","targetHints":{"allow":["GET"]}}],"collection":[{"href":"https:\/\/artisan-all.com\/en\/wp-json\/wp\/v2\/product"}],"about":[{"href":"https:\/\/artisan-all.com\/en\/wp-json\/wp\/v2\/types\/product"}],"wp:featuredmedia":[{"embeddable":true,"href":"https:\/\/artisan-all.com\/en\/wp-json\/wp\/v2\/media\/10876"}],"wp:attachment":[{"href":"https:\/\/artisan-all.com\/en\/wp-json\/wp\/v2\/media?parent=11251"}],"wp:term":[{"taxonomy":"product_brand","embeddable":true,"href":"https:\/\/artisan-all.com\/en\/wp-json\/wp\/v2\/product_brand?post=11251"},{"taxonomy":"product_cat","embeddable":true,"href":"https:\/\/artisan-all.com\/en\/wp-json\/wp\/v2\/product_cat?post=11251"},{"taxonomy":"product_tag","embeddable":true,"href":"https:\/\/artisan-all.com\/en\/wp-json\/wp\/v2\/product_tag?post=11251"}],"curies":[{"name":"wp","href":"https:\/\/api.w.org\/{rel}","templated":true}]}}