{"id":11250,"date":"2025-06-10T08:09:48","date_gmt":"2025-06-10T08:09:48","guid":{"rendered":"https:\/\/artisan-all.com\/?post_type=product&#038;p=11250"},"modified":"2025-09-26T12:45:14","modified_gmt":"2025-09-26T12:45:14","slug":"bracelet-11","status":"publish","type":"product","link":"https:\/\/artisan-all.com\/en\/product\/bracelet-11\/","title":{"rendered":"HAYA ROSE GOLD"},"content":{"rendered":"<p>\u00c9l\u00e9gance artisanale et raffinement naturel s\u2019unissent dans le bracelet Haya Rose Gold. Tiss\u00e9 \u00e0 la main<br \/>\nau Maroc \u00e0 partir de soie v\u00e9g\u00e9tale, ce bijou d\u00e9licat s\u00e9duit par sa teinte rose dor\u00e9 subtilement iris\u00e9e,<br \/>\nqui capte la lumi\u00e8re avec douceur. Son motif en chevrons, soigneusement r\u00e9alis\u00e9, \u00e9voque \u00e0 la fois<br \/>\nl\u2019h\u00e9ritage berb\u00e8re et une touche contemporaine.<br \/>\nDot\u00e9 d\u2019un n\u0153ud coulissant ajustable, il s\u2019adapte \u00e0 toutes les tailles de poignet avec confort et<br \/>\nsimplicit\u00e9. \u00c0 porter seul pour une allure minimaliste ou en accumulation pour un look boh\u00e8me chic.<br \/>\n* Mati\u00e8re : 100 % soie v\u00e9g\u00e9tale marocaine<br \/>\n* Couleur : ROSE GOLD<br \/>\n* Fermeture : Cordon coulissant ajustable<br \/>\n* Fabrication artisanale<br \/>\n* Pi\u00e8ce unique<\/p>","protected":false},"excerpt":{"rendered":"<p data-start=\"144\" data-end=\"223\">Bracelet artisanal fait main, unique et authentique.<\/p>","protected":false},"featured_media":10860,"template":"","meta":{"om_disable_all_campaigns":false,"_monsterinsights_skip_tracking":false,"_monsterinsights_sitenote_active":false,"_monsterinsights_sitenote_note":"","_monsterinsights_sitenote_category":0},"product_brand":[],"product_cat":[63,73],"product_tag":[],"class_list":{"0":"post-11250","1":"product","2":"type-product","3":"status-publish","4":"has-post-thumbnail","6":"product_cat-bijoux","7":"product_cat-bracelets","9":"first","10":"instock","11":"sold-individually","12":"taxable","13":"shipping-taxable","14":"purchasable","15":"product-type-simple"},"aioseo_notices":[],"_links":{"self":[{"href":"https:\/\/artisan-all.com\/en\/wp-json\/wp\/v2\/product\/11250","targetHints":{"allow":["GET"]}}],"collection":[{"href":"https:\/\/artisan-all.com\/en\/wp-json\/wp\/v2\/product"}],"about":[{"href":"https:\/\/artisan-all.com\/en\/wp-json\/wp\/v2\/types\/product"}],"wp:featuredmedia":[{"embeddable":true,"href":"https:\/\/artisan-all.com\/en\/wp-json\/wp\/v2\/media\/10860"}],"wp:attachment":[{"href":"https:\/\/artisan-all.com\/en\/wp-json\/wp\/v2\/media?parent=11250"}],"wp:term":[{"taxonomy":"product_brand","embeddable":true,"href":"https:\/\/artisan-all.com\/en\/wp-json\/wp\/v2\/product_brand?post=11250"},{"taxonomy":"product_cat","embeddable":true,"href":"https:\/\/artisan-all.com\/en\/wp-json\/wp\/v2\/product_cat?post=11250"},{"taxonomy":"product_tag","embeddable":true,"href":"https:\/\/artisan-all.com\/en\/wp-json\/wp\/v2\/product_tag?post=11250"}],"curies":[{"name":"wp","href":"https:\/\/api.w.org\/{rel}","templated":true}]}}