{"id":11217,"date":"2025-06-06T11:08:46","date_gmt":"2025-06-06T11:08:46","guid":{"rendered":"https:\/\/artisan-all.com\/?post_type=product&#038;p=11217"},"modified":"2025-09-26T12:10:24","modified_gmt":"2025-09-26T12:10:24","slug":"collier-39-2","status":"publish","type":"product","link":"https:\/\/artisan-all.com\/en\/product\/collier-39-2\/","title":{"rendered":"SORAYA ( jade rose)"},"content":{"rendered":"<p>Ce collier en jade rose est une v\u00e9ritable invitation \u00e0 la tendresse et \u00e0 la s\u00e9r\u00e9nit\u00e9. Alliant<br \/>\n\u00e9l\u00e9gance naturelle et vibrations apaisantes, il vous accompagne au quotidien pour cultiver<br \/>\nun \u00e9tat d\u2019esprit doux, stable et centr\u00e9 sur le c\u0153ur.<br \/>\n\u00c0 porter au quotidien pour un style raffin\u00e9 et une pr\u00e9sence \u00e9nergisante.<br \/>\nCaract\u00e9ristique :<br \/>\n\u2013Mati\u00e8re : jade rose<br \/>\n\u2013Dimension : 45 cm<br \/>\n\u2013Propri\u00e9t\u00e9 : Apporter calme int\u00e9rieur, \u00e9quilibre \u00e9motionnel et bienveillance<br \/>\n\u2013fait au Maroc<\/p>","protected":false},"excerpt":{"rendered":"<p>Ce collier en jade rose est une v\u00e9ritable invitation \u00e0 la tendresse et \u00e0 la s\u00e9r\u00e9nit\u00e9. Alliant \u00e9l\u00e9gance naturelle et vibrations apaisantes, il vous accompagne au quotidien pour cultiver un \u00e9tat d\u2019esprit doux, stable et centr\u00e9 sur le c\u0153ur. \u00c0 porter au quotidien pour un style raffin\u00e9 et une pr\u00e9sence \u00e9nergisante. Caract\u00e9ristique : \u2013Mati\u00e8re : [&hellip;]<\/p>","protected":false},"featured_media":11174,"template":"","meta":{"om_disable_all_campaigns":false,"_monsterinsights_skip_tracking":false,"_monsterinsights_sitenote_active":false,"_monsterinsights_sitenote_note":"","_monsterinsights_sitenote_category":0},"product_brand":[],"product_cat":[63,72],"product_tag":[],"class_list":{"0":"post-11217","1":"product","2":"type-product","3":"status-publish","4":"has-post-thumbnail","6":"product_cat-bijoux","7":"product_cat-colliers","9":"first","10":"instock","11":"sold-individually","12":"taxable","13":"shipping-taxable","14":"purchasable","15":"product-type-simple"},"aioseo_notices":[],"_links":{"self":[{"href":"https:\/\/artisan-all.com\/en\/wp-json\/wp\/v2\/product\/11217","targetHints":{"allow":["GET"]}}],"collection":[{"href":"https:\/\/artisan-all.com\/en\/wp-json\/wp\/v2\/product"}],"about":[{"href":"https:\/\/artisan-all.com\/en\/wp-json\/wp\/v2\/types\/product"}],"wp:featuredmedia":[{"embeddable":true,"href":"https:\/\/artisan-all.com\/en\/wp-json\/wp\/v2\/media\/11174"}],"wp:attachment":[{"href":"https:\/\/artisan-all.com\/en\/wp-json\/wp\/v2\/media?parent=11217"}],"wp:term":[{"taxonomy":"product_brand","embeddable":true,"href":"https:\/\/artisan-all.com\/en\/wp-json\/wp\/v2\/product_brand?post=11217"},{"taxonomy":"product_cat","embeddable":true,"href":"https:\/\/artisan-all.com\/en\/wp-json\/wp\/v2\/product_cat?post=11217"},{"taxonomy":"product_tag","embeddable":true,"href":"https:\/\/artisan-all.com\/en\/wp-json\/wp\/v2\/product_tag?post=11217"}],"curies":[{"name":"wp","href":"https:\/\/api.w.org\/{rel}","templated":true}]}}