{"id":11215,"date":"2025-06-06T11:05:04","date_gmt":"2025-06-06T11:05:04","guid":{"rendered":"https:\/\/artisan-all.com\/?post_type=product&#038;p=11215"},"modified":"2025-09-26T11:36:00","modified_gmt":"2025-09-26T11:36:00","slug":"collier-38","status":"publish","type":"product","link":"https:\/\/artisan-all.com\/en\/product\/collier-38\/","title":{"rendered":"SAPHIA ( collier cordon et pierre de zircon multicolor)"},"content":{"rendered":"<p data-start=\"1227\" data-end=\"1549\">Collier artisanal d\u2019inspiration africaine, force et authenticit\u00e9.<\/p>","protected":false},"excerpt":{"rendered":"<p data-start=\"1227\" data-end=\"1549\">Ce collier fait main s\u2019inspire des bijoux traditionnels d\u2019Afrique. Le cordon tress\u00e9 et le pendentif sculpt\u00e9 en font une pi\u00e8ce forte, empreinte de culture et de transmission. Chaque d\u00e9tail rend hommage \u00e0 l\u2019h\u00e9ritage artisanal.<\/p>","protected":false},"featured_media":11170,"template":"","meta":{"om_disable_all_campaigns":false,"_monsterinsights_skip_tracking":false,"_monsterinsights_sitenote_active":false,"_monsterinsights_sitenote_note":"","_monsterinsights_sitenote_category":0},"product_brand":[],"product_cat":[63,72],"product_tag":[],"class_list":{"0":"post-11215","1":"product","2":"type-product","3":"status-publish","4":"has-post-thumbnail","6":"product_cat-bijoux","7":"product_cat-colliers","9":"first","10":"instock","11":"sold-individually","12":"taxable","13":"shipping-taxable","14":"purchasable","15":"product-type-simple"},"aioseo_notices":[],"_links":{"self":[{"href":"https:\/\/artisan-all.com\/en\/wp-json\/wp\/v2\/product\/11215","targetHints":{"allow":["GET"]}}],"collection":[{"href":"https:\/\/artisan-all.com\/en\/wp-json\/wp\/v2\/product"}],"about":[{"href":"https:\/\/artisan-all.com\/en\/wp-json\/wp\/v2\/types\/product"}],"wp:featuredmedia":[{"embeddable":true,"href":"https:\/\/artisan-all.com\/en\/wp-json\/wp\/v2\/media\/11170"}],"wp:attachment":[{"href":"https:\/\/artisan-all.com\/en\/wp-json\/wp\/v2\/media?parent=11215"}],"wp:term":[{"taxonomy":"product_brand","embeddable":true,"href":"https:\/\/artisan-all.com\/en\/wp-json\/wp\/v2\/product_brand?post=11215"},{"taxonomy":"product_cat","embeddable":true,"href":"https:\/\/artisan-all.com\/en\/wp-json\/wp\/v2\/product_cat?post=11215"},{"taxonomy":"product_tag","embeddable":true,"href":"https:\/\/artisan-all.com\/en\/wp-json\/wp\/v2\/product_tag?post=11215"}],"curies":[{"name":"wp","href":"https:\/\/api.w.org\/{rel}","templated":true}]}}