{"id":11213,"date":"2025-06-06T11:03:27","date_gmt":"2025-06-06T11:03:27","guid":{"rendered":"https:\/\/artisan-all.com\/?post_type=product&#038;p=11213"},"modified":"2025-09-26T11:23:48","modified_gmt":"2025-09-26T11:23:48","slug":"collier-36","status":"publish","type":"product","link":"https:\/\/artisan-all.com\/en\/product\/collier-36\/","title":{"rendered":"AYLA"},"content":{"rendered":"<p>Inspir\u00e9 des bijoux ethniques, ce collier avec cordon tiss\u00e9 et pendentif est une ode \u00e0 la libert\u00e9 et \u00e0 l\u2019artisanat. Port\u00e9 seul ou superpos\u00e9, il r\u00e9v\u00e8le une \u00e2me voyageuse et naturelle.<\/p>","protected":false},"excerpt":{"rendered":"<p>Collier boh\u00e8me fait main, pendentif au charme nomade.<\/p>","protected":false},"featured_media":11166,"template":"","meta":{"om_disable_all_campaigns":false,"_monsterinsights_skip_tracking":false,"_monsterinsights_sitenote_active":false,"_monsterinsights_sitenote_note":"","_monsterinsights_sitenote_category":0},"product_brand":[],"product_cat":[63,72],"product_tag":[],"class_list":{"0":"post-11213","1":"product","2":"type-product","3":"status-publish","4":"has-post-thumbnail","6":"product_cat-bijoux","7":"product_cat-colliers","9":"first","10":"instock","11":"sold-individually","12":"taxable","13":"shipping-taxable","14":"purchasable","15":"product-type-simple"},"aioseo_notices":[],"_links":{"self":[{"href":"https:\/\/artisan-all.com\/en\/wp-json\/wp\/v2\/product\/11213","targetHints":{"allow":["GET"]}}],"collection":[{"href":"https:\/\/artisan-all.com\/en\/wp-json\/wp\/v2\/product"}],"about":[{"href":"https:\/\/artisan-all.com\/en\/wp-json\/wp\/v2\/types\/product"}],"wp:featuredmedia":[{"embeddable":true,"href":"https:\/\/artisan-all.com\/en\/wp-json\/wp\/v2\/media\/11166"}],"wp:attachment":[{"href":"https:\/\/artisan-all.com\/en\/wp-json\/wp\/v2\/media?parent=11213"}],"wp:term":[{"taxonomy":"product_brand","embeddable":true,"href":"https:\/\/artisan-all.com\/en\/wp-json\/wp\/v2\/product_brand?post=11213"},{"taxonomy":"product_cat","embeddable":true,"href":"https:\/\/artisan-all.com\/en\/wp-json\/wp\/v2\/product_cat?post=11213"},{"taxonomy":"product_tag","embeddable":true,"href":"https:\/\/artisan-all.com\/en\/wp-json\/wp\/v2\/product_tag?post=11213"}],"curies":[{"name":"wp","href":"https:\/\/api.w.org\/{rel}","templated":true}]}}