{"id":11212,"date":"2025-06-06T11:02:41","date_gmt":"2025-06-06T11:02:41","guid":{"rendered":"https:\/\/artisan-all.com\/?post_type=product&#038;p=11212"},"modified":"2025-09-26T11:31:07","modified_gmt":"2025-09-26T11:31:07","slug":"collier-35","status":"publish","type":"product","link":"https:\/\/artisan-all.com\/en\/product\/collier-35\/","title":{"rendered":"SANA"},"content":{"rendered":"<p data-start=\"198\" data-end=\"536\">Ce collier artisanal associe un cordon naturel \u00e0 un pendentif unique pour un rendu \u00e9pur\u00e9 et plein de charme. Son style minimaliste en fait un accessoire polyvalent, id\u00e9al pour ceux qui appr\u00e9cient l\u2019authenticit\u00e9 et la beaut\u00e9 des mati\u00e8res simples.<\/p>","protected":false},"excerpt":{"rendered":"<p>Collier cordon avec pendentif, simplicit\u00e9 brute et \u00e9l\u00e9gance.<\/p>","protected":false},"featured_media":11164,"template":"","meta":{"om_disable_all_campaigns":false,"_monsterinsights_skip_tracking":false,"_monsterinsights_sitenote_active":false,"_monsterinsights_sitenote_note":"","_monsterinsights_sitenote_category":0},"product_brand":[],"product_cat":[63,72],"product_tag":[],"class_list":{"0":"post-11212","1":"product","2":"type-product","3":"status-publish","4":"has-post-thumbnail","6":"product_cat-bijoux","7":"product_cat-colliers","9":"first","10":"instock","11":"sold-individually","12":"taxable","13":"shipping-taxable","14":"purchasable","15":"product-type-simple"},"aioseo_notices":[],"_links":{"self":[{"href":"https:\/\/artisan-all.com\/en\/wp-json\/wp\/v2\/product\/11212","targetHints":{"allow":["GET"]}}],"collection":[{"href":"https:\/\/artisan-all.com\/en\/wp-json\/wp\/v2\/product"}],"about":[{"href":"https:\/\/artisan-all.com\/en\/wp-json\/wp\/v2\/types\/product"}],"wp:featuredmedia":[{"embeddable":true,"href":"https:\/\/artisan-all.com\/en\/wp-json\/wp\/v2\/media\/11164"}],"wp:attachment":[{"href":"https:\/\/artisan-all.com\/en\/wp-json\/wp\/v2\/media?parent=11212"}],"wp:term":[{"taxonomy":"product_brand","embeddable":true,"href":"https:\/\/artisan-all.com\/en\/wp-json\/wp\/v2\/product_brand?post=11212"},{"taxonomy":"product_cat","embeddable":true,"href":"https:\/\/artisan-all.com\/en\/wp-json\/wp\/v2\/product_cat?post=11212"},{"taxonomy":"product_tag","embeddable":true,"href":"https:\/\/artisan-all.com\/en\/wp-json\/wp\/v2\/product_tag?post=11212"}],"curies":[{"name":"wp","href":"https:\/\/api.w.org\/{rel}","templated":true}]}}