{"id":11211,"date":"2025-06-06T11:01:49","date_gmt":"2025-06-06T11:01:49","guid":{"rendered":"https:\/\/artisan-all.com\/?post_type=product&#038;p=11211"},"modified":"2025-09-26T11:32:48","modified_gmt":"2025-09-26T11:32:48","slug":"collier-34","status":"publish","type":"product","link":"https:\/\/artisan-all.com\/en\/product\/collier-34\/","title":{"rendered":"LINA"},"content":{"rendered":"<p>Ce collier artisanal marie un cordon en fibre naturelle ou textile travaill\u00e9 \u00e0 la main avec un pendentif unique, soigneusement s\u00e9lectionn\u00e9 ou fa\u00e7onn\u00e9. Le contraste entre la texture brute du cordon et la finesse du pendentif cr\u00e9e un bijou \u00e0 la fois sobre et expressif. L\u00e9ger, confortable et charg\u00e9 de caract\u00e8re, il apporte une touche d\u2019authenticit\u00e9 \u00e0 votre look, qu\u2019il soit boh\u00e8me, ethnique ou minimaliste. Chaque pi\u00e8ce est faite \u00e0 la main, ce qui la rend absolument unique.<\/p>","protected":false},"excerpt":{"rendered":"<p data-start=\"99\" data-end=\"207\">Collier cordon artisanal avec pendentif, simplicit\u00e9 authentique et style naturel.<\/p>","protected":false},"featured_media":11162,"template":"","meta":{"om_disable_all_campaigns":false,"_monsterinsights_skip_tracking":false,"_monsterinsights_sitenote_active":false,"_monsterinsights_sitenote_note":"","_monsterinsights_sitenote_category":0},"product_brand":[],"product_cat":[63,72],"product_tag":[],"class_list":{"0":"post-11211","1":"product","2":"type-product","3":"status-publish","4":"has-post-thumbnail","6":"product_cat-bijoux","7":"product_cat-colliers","9":"first","10":"instock","11":"sold-individually","12":"taxable","13":"shipping-taxable","14":"purchasable","15":"product-type-simple"},"aioseo_notices":[],"_links":{"self":[{"href":"https:\/\/artisan-all.com\/en\/wp-json\/wp\/v2\/product\/11211","targetHints":{"allow":["GET"]}}],"collection":[{"href":"https:\/\/artisan-all.com\/en\/wp-json\/wp\/v2\/product"}],"about":[{"href":"https:\/\/artisan-all.com\/en\/wp-json\/wp\/v2\/types\/product"}],"wp:featuredmedia":[{"embeddable":true,"href":"https:\/\/artisan-all.com\/en\/wp-json\/wp\/v2\/media\/11162"}],"wp:attachment":[{"href":"https:\/\/artisan-all.com\/en\/wp-json\/wp\/v2\/media?parent=11211"}],"wp:term":[{"taxonomy":"product_brand","embeddable":true,"href":"https:\/\/artisan-all.com\/en\/wp-json\/wp\/v2\/product_brand?post=11211"},{"taxonomy":"product_cat","embeddable":true,"href":"https:\/\/artisan-all.com\/en\/wp-json\/wp\/v2\/product_cat?post=11211"},{"taxonomy":"product_tag","embeddable":true,"href":"https:\/\/artisan-all.com\/en\/wp-json\/wp\/v2\/product_tag?post=11211"}],"curies":[{"name":"wp","href":"https:\/\/api.w.org\/{rel}","templated":true}]}}