{"id":11199,"date":"2025-06-06T10:51:34","date_gmt":"2025-06-06T10:51:34","guid":{"rendered":"https:\/\/artisan-all.com\/?post_type=product&#038;p=11199"},"modified":"2025-09-26T12:18:25","modified_gmt":"2025-09-26T12:18:25","slug":"collier-24","status":"publish","type":"product","link":"https:\/\/artisan-all.com\/en\/product\/collier-24\/","title":{"rendered":"TILILA ( jade jaune)"},"content":{"rendered":"<p>Apportez une touche de lumi\u00e8re \u00e0 votre tenue avec ce magnifique collier en jade jaune,<br \/>\nsymbole de s\u00e9r\u00e9nit\u00e9, de sagesse et de prosp\u00e9rit\u00e9. Taill\u00e9e avec soin, la pierre diffuse une<br \/>\n\u00e9nergie douce et r\u00e9confortante, id\u00e9ale pour celles et ceux qui cherchent \u00e0 \u00e9quilibrer leur<br \/>\nesprit tout en affirmant leur style.<br \/>\n\u00c0 porter au quotidien pour un style raffin\u00e9 et une pr\u00e9sence \u00e9nergisante.<br \/>\nCaract\u00e9ristique :<br \/>\n\u2013Mati\u00e8re : jade jaune<br \/>\n\u2013Dimension : 38 cm<br \/>\n\u2013Propri\u00e9t\u00e9 : Apaisement, confiance en soi, joie int\u00e9rieure.<br \/>\n\u2013fait au Maroc<\/p>","protected":false},"excerpt":{"rendered":"<p>Apportez une touche de lumi\u00e8re \u00e0 votre tenue avec ce magnifique collier en jade jaune, symbole de s\u00e9r\u00e9nit\u00e9, de sagesse et de prosp\u00e9rit\u00e9. Taill\u00e9e avec soin, la pierre diffuse une \u00e9nergie douce et r\u00e9confortante, id\u00e9ale pour celles et ceux qui cherchent \u00e0 \u00e9quilibrer leur esprit tout en affirmant leur style. \u00c0 porter au quotidien pour [&hellip;]<\/p>","protected":false},"featured_media":11139,"template":"","meta":{"om_disable_all_campaigns":false,"_monsterinsights_skip_tracking":false,"_monsterinsights_sitenote_active":false,"_monsterinsights_sitenote_note":"","_monsterinsights_sitenote_category":0},"product_brand":[],"product_cat":[63,72],"product_tag":[],"class_list":{"0":"post-11199","1":"product","2":"type-product","3":"status-publish","4":"has-post-thumbnail","6":"product_cat-bijoux","7":"product_cat-colliers","9":"first","10":"instock","11":"taxable","12":"shipping-taxable","13":"purchasable","14":"product-type-simple"},"aioseo_notices":[],"_links":{"self":[{"href":"https:\/\/artisan-all.com\/en\/wp-json\/wp\/v2\/product\/11199","targetHints":{"allow":["GET"]}}],"collection":[{"href":"https:\/\/artisan-all.com\/en\/wp-json\/wp\/v2\/product"}],"about":[{"href":"https:\/\/artisan-all.com\/en\/wp-json\/wp\/v2\/types\/product"}],"wp:featuredmedia":[{"embeddable":true,"href":"https:\/\/artisan-all.com\/en\/wp-json\/wp\/v2\/media\/11139"}],"wp:attachment":[{"href":"https:\/\/artisan-all.com\/en\/wp-json\/wp\/v2\/media?parent=11199"}],"wp:term":[{"taxonomy":"product_brand","embeddable":true,"href":"https:\/\/artisan-all.com\/en\/wp-json\/wp\/v2\/product_brand?post=11199"},{"taxonomy":"product_cat","embeddable":true,"href":"https:\/\/artisan-all.com\/en\/wp-json\/wp\/v2\/product_cat?post=11199"},{"taxonomy":"product_tag","embeddable":true,"href":"https:\/\/artisan-all.com\/en\/wp-json\/wp\/v2\/product_tag?post=11199"}],"curies":[{"name":"wp","href":"https:\/\/api.w.org\/{rel}","templated":true}]}}