{"id":11118,"date":"2025-06-06T10:21:44","date_gmt":"2025-06-06T10:21:44","guid":{"rendered":"https:\/\/artisan-all.com\/?post_type=product&#038;p=11118"},"modified":"2025-09-26T12:15:54","modified_gmt":"2025-09-26T12:15:54","slug":"collier-15","status":"publish","type":"product","link":"https:\/\/artisan-all.com\/en\/product\/collier-15\/","title":{"rendered":"AZURA (aventurine, azurite malachite et  lazuli)"},"content":{"rendered":"<p>Ce collier est une v\u00e9ritable synergie de couleurs et d\u2019\u00e9nergies. Il associe la douceur<br \/>\n\u00e9quilibrante de l\u2019aventurine verte, la profondeur vibratoire de l\u2019azurite-malachite, et la<br \/>\nsagesse c\u00e9leste du lapis-lazuli. Ensemble, ces trois pierres forment un bijou unique, \u00e0 la fois<br \/>\ncalmant, intuitif et inspirant.<br \/>\n\u00c0 porter au quotidien pour un style raffin\u00e9 et une pr\u00e9sence \u00e9nergisante.<br \/>\nCaract\u00e9ristique :<br \/>\n\u2013Mati\u00e8re : aventurine, azurite malachite et lazuli<br \/>\n\u2013Dimension : 41 cm<br \/>\n\u2013Propri\u00e9t\u00e9 : calme les \u00e9motions, renforce l\u2019intuition, stimule la cr\u00e9ativit\u00e9.<br \/>\n\u2013fait au Maroc<\/p>","protected":false},"excerpt":{"rendered":"<p>Ce collier est une v\u00e9ritable synergie de couleurs et d\u2019\u00e9nergies. Il associe la douceur \u00e9quilibrante de l\u2019aventurine verte, la profondeur vibratoire de l\u2019azurite-malachite, et la sagesse c\u00e9leste du lapis-lazuli. Ensemble, ces trois pierres forment un bijou unique, \u00e0 la fois calmant, intuitif et inspirant. \u00c0 porter au quotidien pour un style raffin\u00e9 et une pr\u00e9sence [&hellip;]<\/p>","protected":false},"featured_media":11060,"template":"","meta":{"om_disable_all_campaigns":false,"_monsterinsights_skip_tracking":false,"_monsterinsights_sitenote_active":false,"_monsterinsights_sitenote_note":"","_monsterinsights_sitenote_category":0},"product_brand":[],"product_cat":[63,72],"product_tag":[],"class_list":{"0":"post-11118","1":"product","2":"type-product","3":"status-publish","4":"has-post-thumbnail","6":"product_cat-bijoux","7":"product_cat-colliers","9":"first","10":"instock","11":"taxable","12":"shipping-taxable","13":"purchasable","14":"product-type-simple"},"aioseo_notices":[],"_links":{"self":[{"href":"https:\/\/artisan-all.com\/en\/wp-json\/wp\/v2\/product\/11118","targetHints":{"allow":["GET"]}}],"collection":[{"href":"https:\/\/artisan-all.com\/en\/wp-json\/wp\/v2\/product"}],"about":[{"href":"https:\/\/artisan-all.com\/en\/wp-json\/wp\/v2\/types\/product"}],"wp:featuredmedia":[{"embeddable":true,"href":"https:\/\/artisan-all.com\/en\/wp-json\/wp\/v2\/media\/11060"}],"wp:attachment":[{"href":"https:\/\/artisan-all.com\/en\/wp-json\/wp\/v2\/media?parent=11118"}],"wp:term":[{"taxonomy":"product_brand","embeddable":true,"href":"https:\/\/artisan-all.com\/en\/wp-json\/wp\/v2\/product_brand?post=11118"},{"taxonomy":"product_cat","embeddable":true,"href":"https:\/\/artisan-all.com\/en\/wp-json\/wp\/v2\/product_cat?post=11118"},{"taxonomy":"product_tag","embeddable":true,"href":"https:\/\/artisan-all.com\/en\/wp-json\/wp\/v2\/product_tag?post=11118"}],"curies":[{"name":"wp","href":"https:\/\/api.w.org\/{rel}","templated":true}]}}