{"id":11117,"date":"2025-06-06T10:20:51","date_gmt":"2025-06-06T10:20:51","guid":{"rendered":"https:\/\/artisan-all.com\/?post_type=product&#038;p=11117"},"modified":"2025-09-26T12:26:12","modified_gmt":"2025-09-26T12:26:12","slug":"collier-14","status":"publish","type":"product","link":"https:\/\/artisan-all.com\/en\/product\/collier-14\/","title":{"rendered":"EVANA ( jade bleu)"},"content":{"rendered":"<p>Apaisant et d\u00e9licatement lumineux, ce collier en jade bleu clair est une v\u00e9ritable invitation \u00e0<br \/>\nla paix int\u00e9rieure et \u00e0 l\u2019expression authentique de soi. Sa couleur douce, entre ciel et mer,<br \/>\n\u00e9voque le calme, la s\u00e9r\u00e9nit\u00e9 et la communication harmonieuse.<br \/>\n\u00c0 porter au quotidien pour un style raffin\u00e9 et une pr\u00e9sence \u00e9nergisante.<br \/>\nCaract\u00e9ristique :<br \/>\n\u2013Mati\u00e8re : jade bleu.<br \/>\n\u2013Dimension : 37 cm<br \/>\n\u2013Propri\u00e9t\u00e9 : Stimule l\u2019expression personnelle et la communication bienveillante, Apaise les<br \/>\n\u00e9motions fortes et r\u00e9duit le stress.<br \/>\n\u2013fait au Maroc<\/p>","protected":false},"excerpt":{"rendered":"<p>Apaisant et d\u00e9licatement lumineux, ce collier en jade bleu clair est une v\u00e9ritable invitation \u00e0 la paix int\u00e9rieure et \u00e0 l\u2019expression authentique de soi. Sa couleur douce, entre ciel et mer, \u00e9voque le calme, la s\u00e9r\u00e9nit\u00e9 et la communication harmonieuse. \u00c0 porter au quotidien pour un style raffin\u00e9 et une pr\u00e9sence \u00e9nergisante. Caract\u00e9ristique : \u2013Mati\u00e8re [&hellip;]<\/p>","protected":false},"featured_media":11057,"template":"","meta":{"om_disable_all_campaigns":false,"_monsterinsights_skip_tracking":false,"_monsterinsights_sitenote_active":false,"_monsterinsights_sitenote_note":"","_monsterinsights_sitenote_category":0},"product_brand":[],"product_cat":[63,72],"product_tag":[],"class_list":{"0":"post-11117","1":"product","2":"type-product","3":"status-publish","4":"has-post-thumbnail","6":"product_cat-bijoux","7":"product_cat-colliers","9":"first","10":"instock","11":"taxable","12":"shipping-taxable","13":"purchasable","14":"product-type-simple"},"aioseo_notices":[],"_links":{"self":[{"href":"https:\/\/artisan-all.com\/en\/wp-json\/wp\/v2\/product\/11117","targetHints":{"allow":["GET"]}}],"collection":[{"href":"https:\/\/artisan-all.com\/en\/wp-json\/wp\/v2\/product"}],"about":[{"href":"https:\/\/artisan-all.com\/en\/wp-json\/wp\/v2\/types\/product"}],"wp:featuredmedia":[{"embeddable":true,"href":"https:\/\/artisan-all.com\/en\/wp-json\/wp\/v2\/media\/11057"}],"wp:attachment":[{"href":"https:\/\/artisan-all.com\/en\/wp-json\/wp\/v2\/media?parent=11117"}],"wp:term":[{"taxonomy":"product_brand","embeddable":true,"href":"https:\/\/artisan-all.com\/en\/wp-json\/wp\/v2\/product_brand?post=11117"},{"taxonomy":"product_cat","embeddable":true,"href":"https:\/\/artisan-all.com\/en\/wp-json\/wp\/v2\/product_cat?post=11117"},{"taxonomy":"product_tag","embeddable":true,"href":"https:\/\/artisan-all.com\/en\/wp-json\/wp\/v2\/product_tag?post=11117"}],"curies":[{"name":"wp","href":"https:\/\/api.w.org\/{rel}","templated":true}]}}