{"id":11114,"date":"2025-06-06T10:05:44","date_gmt":"2025-06-06T10:05:44","guid":{"rendered":"https:\/\/artisan-all.com\/?post_type=product&#038;p=11114"},"modified":"2025-06-25T14:23:12","modified_gmt":"2025-06-25T14:23:12","slug":"eva-vert-agate-verte-grosse-perle","status":"publish","type":"product","link":"https:\/\/artisan-all.com\/en\/product\/eva-vert-agate-verte-grosse-perle\/","title":{"rendered":"EVA VERT ( agate verte grosse perle)"},"content":{"rendered":"<p>Ce bracelet artisanal en grosses perles d\u2019agate verte allie force visuelle et \u00e9nergie apaisante. Chaque perle est soigneusement polie pour r\u00e9v\u00e9ler les subtiles nuances de vert propres \u00e0 cette pierre naturelle. Symbole d\u2019\u00e9quilibre, de croissance et d\u2019harmonie, l\u2019agate verte est id\u00e9ale pour apaiser les \u00e9motions tout en affirmant son style. Mont\u00e9 \u00e0 la main, ce bijou est \u00e0 la fois puissant, \u00e9l\u00e9gant et profond\u00e9ment connect\u00e9 \u00e0 la nature.<\/p>","protected":false},"excerpt":{"rendered":"<p data-start=\"113\" data-end=\"215\">Bracelet en grosses perles d\u2019agate verte, \u00e9l\u00e9gance et \u00e9nergie \u00e9quilibrante.<\/p>","protected":false},"featured_media":10911,"template":"","meta":{"om_disable_all_campaigns":false,"_monsterinsights_skip_tracking":false,"_monsterinsights_sitenote_active":false,"_monsterinsights_sitenote_note":"","_monsterinsights_sitenote_category":0},"product_brand":[],"product_cat":[63,73],"product_tag":[],"class_list":{"0":"post-11114","1":"product","2":"type-product","3":"status-publish","4":"has-post-thumbnail","6":"product_cat-bijoux","7":"product_cat-bracelets","9":"first","10":"instock","11":"sold-individually","12":"taxable","13":"shipping-taxable","14":"purchasable","15":"product-type-simple"},"aioseo_notices":[],"_links":{"self":[{"href":"https:\/\/artisan-all.com\/en\/wp-json\/wp\/v2\/product\/11114","targetHints":{"allow":["GET"]}}],"collection":[{"href":"https:\/\/artisan-all.com\/en\/wp-json\/wp\/v2\/product"}],"about":[{"href":"https:\/\/artisan-all.com\/en\/wp-json\/wp\/v2\/types\/product"}],"wp:featuredmedia":[{"embeddable":true,"href":"https:\/\/artisan-all.com\/en\/wp-json\/wp\/v2\/media\/10911"}],"wp:attachment":[{"href":"https:\/\/artisan-all.com\/en\/wp-json\/wp\/v2\/media?parent=11114"}],"wp:term":[{"taxonomy":"product_brand","embeddable":true,"href":"https:\/\/artisan-all.com\/en\/wp-json\/wp\/v2\/product_brand?post=11114"},{"taxonomy":"product_cat","embeddable":true,"href":"https:\/\/artisan-all.com\/en\/wp-json\/wp\/v2\/product_cat?post=11114"},{"taxonomy":"product_tag","embeddable":true,"href":"https:\/\/artisan-all.com\/en\/wp-json\/wp\/v2\/product_tag?post=11114"}],"curies":[{"name":"wp","href":"https:\/\/api.w.org\/{rel}","templated":true}]}}