{"id":11109,"date":"2025-06-06T10:04:48","date_gmt":"2025-06-06T10:04:48","guid":{"rendered":"https:\/\/artisan-all.com\/?post_type=product&#038;p=11109"},"modified":"2025-09-26T10:57:46","modified_gmt":"2025-09-26T10:57:46","slug":"collier-10","status":"publish","type":"product","link":"https:\/\/artisan-all.com\/en\/product\/collier-10\/","title":{"rendered":"MALIKA (Malachite)"},"content":{"rendered":"<p>Ce pendentif en malachite naturelle, mont\u00e9 sur un cordon noir r\u00e9glable, est un bijou discret,<br \/>\n\u00e9l\u00e9gant et unisexe, parfait pour un usage quotidien. Chaque pierre est unique, avec ses<br \/>\nnuances de vert profond et ses veines caract\u00e9ristiques, symbolisant la transformation et la<br \/>\nprotection.<br \/>\nCaract\u00e9ristique :<br \/>\n\u2013Mati\u00e8re : pierre semi pr\u00e9cieuse Malachite<br \/>\n\u2013origine des perles : R\u00e9publique d\u00e9mocratique du Congo<br \/>\n\u2013dimension : 40 cm (cordon ajustable)<br \/>\n\u2013propri\u00e9t\u00e9 : Soutien au syst\u00e8me immunitaire et nerveux, soulagement des douleurs, favorise<br \/>\nla conscience de soi, l\u2019intuition et l\u2019ouverture du c\u0153ur.<br \/>\n\u2013fait au Maroc<\/p>","protected":false},"excerpt":{"rendered":"<p data-start=\"90\" data-end=\"174\">Collier pendentif en malachite, \u00e9l\u00e9gance verte naturelle.<\/p>","protected":false},"featured_media":11546,"template":"","meta":{"om_disable_all_campaigns":false,"_monsterinsights_skip_tracking":false,"_monsterinsights_sitenote_active":false,"_monsterinsights_sitenote_note":"","_monsterinsights_sitenote_category":0},"product_brand":[],"product_cat":[63,72],"product_tag":[],"class_list":{"0":"post-11109","1":"product","2":"type-product","3":"status-publish","4":"has-post-thumbnail","6":"product_cat-bijoux","7":"product_cat-colliers","9":"first","10":"instock","11":"taxable","12":"shipping-taxable","13":"purchasable","14":"product-type-simple"},"aioseo_notices":[],"_links":{"self":[{"href":"https:\/\/artisan-all.com\/en\/wp-json\/wp\/v2\/product\/11109","targetHints":{"allow":["GET"]}}],"collection":[{"href":"https:\/\/artisan-all.com\/en\/wp-json\/wp\/v2\/product"}],"about":[{"href":"https:\/\/artisan-all.com\/en\/wp-json\/wp\/v2\/types\/product"}],"wp:featuredmedia":[{"embeddable":true,"href":"https:\/\/artisan-all.com\/en\/wp-json\/wp\/v2\/media\/11546"}],"wp:attachment":[{"href":"https:\/\/artisan-all.com\/en\/wp-json\/wp\/v2\/media?parent=11109"}],"wp:term":[{"taxonomy":"product_brand","embeddable":true,"href":"https:\/\/artisan-all.com\/en\/wp-json\/wp\/v2\/product_brand?post=11109"},{"taxonomy":"product_cat","embeddable":true,"href":"https:\/\/artisan-all.com\/en\/wp-json\/wp\/v2\/product_cat?post=11109"},{"taxonomy":"product_tag","embeddable":true,"href":"https:\/\/artisan-all.com\/en\/wp-json\/wp\/v2\/product_tag?post=11109"}],"curies":[{"name":"wp","href":"https:\/\/api.w.org\/{rel}","templated":true}]}}