{"id":11107,"date":"2025-06-06T10:03:51","date_gmt":"2025-06-06T10:03:51","guid":{"rendered":"https:\/\/artisan-all.com\/?post_type=product&#038;p=11107"},"modified":"2025-09-26T11:10:52","modified_gmt":"2025-09-26T11:10:52","slug":"leveil","status":"publish","type":"product","link":"https:\/\/artisan-all.com\/en\/product\/leveil\/","title":{"rendered":"L&rsquo;\u00c9VEIL"},"content":{"rendered":"<p data-start=\"636\" data-end=\"732\">Collier pendentif malachite fait main, \u00e9nergie et \u00e9l\u00e9gance verte.<\/p>\n<p data-start=\"734\" data-end=\"1165\">","protected":false},"excerpt":{"rendered":"<p data-start=\"734\" data-end=\"1165\">Sublimez votre look avec ce collier pendentif en malachite, pierre naturelle au vert profond et aux veines uniques. R\u00e9alis\u00e9 artisanalement, ce bijou respire l\u2019authenticit\u00e9 et la finesse. La malachite est reconnue pour ses vertus apaisantes et protectrices, aidant \u00e0 harmoniser les \u00e9motions et renforcer la vitalit\u00e9. Un accessoire \u00e9l\u00e9gant et charg\u00e9 de sens, id\u00e9al pour une touche naturelle sophistiqu\u00e9e.<\/p>","protected":false},"featured_media":11043,"template":"","meta":{"om_disable_all_campaigns":false,"_monsterinsights_skip_tracking":false,"_monsterinsights_sitenote_active":false,"_monsterinsights_sitenote_note":"","_monsterinsights_sitenote_category":0},"product_brand":[],"product_cat":[63,72],"product_tag":[],"class_list":{"0":"post-11107","1":"product","2":"type-product","3":"status-publish","4":"has-post-thumbnail","6":"product_cat-bijoux","7":"product_cat-colliers","9":"first","10":"instock","11":"sold-individually","12":"taxable","13":"shipping-taxable","14":"purchasable","15":"product-type-simple"},"aioseo_notices":[],"_links":{"self":[{"href":"https:\/\/artisan-all.com\/en\/wp-json\/wp\/v2\/product\/11107","targetHints":{"allow":["GET"]}}],"collection":[{"href":"https:\/\/artisan-all.com\/en\/wp-json\/wp\/v2\/product"}],"about":[{"href":"https:\/\/artisan-all.com\/en\/wp-json\/wp\/v2\/types\/product"}],"wp:featuredmedia":[{"embeddable":true,"href":"https:\/\/artisan-all.com\/en\/wp-json\/wp\/v2\/media\/11043"}],"wp:attachment":[{"href":"https:\/\/artisan-all.com\/en\/wp-json\/wp\/v2\/media?parent=11107"}],"wp:term":[{"taxonomy":"product_brand","embeddable":true,"href":"https:\/\/artisan-all.com\/en\/wp-json\/wp\/v2\/product_brand?post=11107"},{"taxonomy":"product_cat","embeddable":true,"href":"https:\/\/artisan-all.com\/en\/wp-json\/wp\/v2\/product_cat?post=11107"},{"taxonomy":"product_tag","embeddable":true,"href":"https:\/\/artisan-all.com\/en\/wp-json\/wp\/v2\/product_tag?post=11107"}],"curies":[{"name":"wp","href":"https:\/\/api.w.org\/{rel}","templated":true}]}}