{"id":11096,"date":"2025-06-06T09:59:44","date_gmt":"2025-06-06T09:59:44","guid":{"rendered":"https:\/\/artisan-all.com\/?post_type=product&#038;p=11096"},"modified":"2025-09-26T12:29:34","modified_gmt":"2025-09-26T12:29:34","slug":"collier-6","status":"publish","type":"product","link":"https:\/\/artisan-all.com\/en\/product\/collier-6\/","title":{"rendered":"PUNK"},"content":{"rendered":"<p>Affirmez votre personnalit\u00e9 avec ce bijou punk en acier inoxydable, pens\u00e9 pour les femmes<br \/>\nau caract\u00e8re fort et au style affirm\u00e9. Inspir\u00e9 par l\u2019univers underground, ce bijou combine<br \/>\nl\u2019esth\u00e9tique brute du m\u00e9tal avec une touche d\u2019\u00e9l\u00e9gance rebelle<br \/>\n\u00c0 porter au quotidien pour un style raffin\u00e9 et une pr\u00e9sence \u00e9nergisante.<br \/>\nCaract\u00e9ristique :<br \/>\n\u2013Mati\u00e8re : acier inoxydable.<br \/>\n\u2013Dimension : 43 cm<br \/>\n\u2013fait au Maroc<\/p>","protected":false},"excerpt":{"rendered":"<p>Affirmez votre personnalit\u00e9 avec ce bijou punk en acier inoxydable, pens\u00e9 pour les femmes au caract\u00e8re fort et au style affirm\u00e9. Inspir\u00e9 par l\u2019univers underground, ce bijou combine l\u2019esth\u00e9tique brute du m\u00e9tal avec une touche d\u2019\u00e9l\u00e9gance rebelle \u00c0 porter au quotidien pour un style raffin\u00e9 et une pr\u00e9sence \u00e9nergisante. Caract\u00e9ristique : \u2013Mati\u00e8re : acier inoxydable. [&hellip;]<\/p>","protected":false},"featured_media":11036,"template":"","meta":{"om_disable_all_campaigns":false,"_monsterinsights_skip_tracking":false,"_monsterinsights_sitenote_active":false,"_monsterinsights_sitenote_note":"","_monsterinsights_sitenote_category":0},"product_brand":[],"product_cat":[63,72],"product_tag":[],"class_list":{"0":"post-11096","1":"product","2":"type-product","3":"status-publish","4":"has-post-thumbnail","6":"product_cat-bijoux","7":"product_cat-colliers","9":"first","10":"instock","11":"taxable","12":"shipping-taxable","13":"purchasable","14":"product-type-simple"},"aioseo_notices":[],"_links":{"self":[{"href":"https:\/\/artisan-all.com\/en\/wp-json\/wp\/v2\/product\/11096","targetHints":{"allow":["GET"]}}],"collection":[{"href":"https:\/\/artisan-all.com\/en\/wp-json\/wp\/v2\/product"}],"about":[{"href":"https:\/\/artisan-all.com\/en\/wp-json\/wp\/v2\/types\/product"}],"wp:featuredmedia":[{"embeddable":true,"href":"https:\/\/artisan-all.com\/en\/wp-json\/wp\/v2\/media\/11036"}],"wp:attachment":[{"href":"https:\/\/artisan-all.com\/en\/wp-json\/wp\/v2\/media?parent=11096"}],"wp:term":[{"taxonomy":"product_brand","embeddable":true,"href":"https:\/\/artisan-all.com\/en\/wp-json\/wp\/v2\/product_brand?post=11096"},{"taxonomy":"product_cat","embeddable":true,"href":"https:\/\/artisan-all.com\/en\/wp-json\/wp\/v2\/product_cat?post=11096"},{"taxonomy":"product_tag","embeddable":true,"href":"https:\/\/artisan-all.com\/en\/wp-json\/wp\/v2\/product_tag?post=11096"}],"curies":[{"name":"wp","href":"https:\/\/api.w.org\/{rel}","templated":true}]}}